{"id":1005,"date":"2020-04-19T07:28:32","date_gmt":"2020-04-19T07:28:32","guid":{"rendered":"https:\/\/blaumar.cat\/nosaltres\/"},"modified":"2023-05-19T06:26:14","modified_gmt":"2023-05-19T06:26:14","slug":"nosaltres","status":"publish","type":"page","link":"https:\/\/blaumar.cat\/ca\/nosaltres\/","title":{"rendered":"Nosaltres"},"content":{"rendered":"\t\t<div data-elementor-type=\"wp-page\" data-elementor-id=\"1005\" class=\"elementor elementor-1005 elementor-62\">\n\t\t\t\t\t\t<section class=\"elementor-section elementor-top-section elementor-element elementor-element-e8e4baa elementor-section-height-min-height elementor-section-items-stretch elementor-section-boxed elementor-section-height-default\" data-id=\"e8e4baa\" data-element_type=\"section\" data-settings=\"{&quot;background_background&quot;:&quot;classic&quot;}\">\n\t\t\t\t\t\t\t<div class=\"elementor-background-overlay\"><\/div>\n\t\t\t\t\t\t\t<div class=\"elementor-container elementor-column-gap-default\">\n\t\t\t\t\t<div class=\"elementor-column elementor-col-100 elementor-top-column elementor-element elementor-element-ed8195b\" data-id=\"ed8195b\" data-element_type=\"column\">\n\t\t\t<div class=\"elementor-widget-wrap elementor-element-populated\">\n\t\t\t\t\t\t<div class=\"elementor-element elementor-element-ff5627f elementor-align-center elementor-mobile-align-center elementor-widget elementor-widget-raven-heading\" data-id=\"ff5627f\" data-element_type=\"widget\" data-widget_type=\"raven-heading.default\">\n\t\t\t\t<div class=\"elementor-widget-container\">\n\t\t\t\t\t\t\t<div class=\"raven-widget-wrapper\"><h1 class=\"raven-heading raven-heading-h1\"><span class=\"raven-heading-title \">Nosaltres<\/span><\/h1><\/div>\n\t\t\t\t\t\t<\/div>\n\t\t\t\t<\/div>\n\t\t\t\t\t<\/div>\n\t\t<\/div>\n\t\t\t\t\t<\/div>\n\t\t<\/section>\n\t\t\t\t<section class=\"elementor-section elementor-top-section elementor-element elementor-element-15e27f8 elementor-section-boxed elementor-section-height-default elementor-section-height-default\" data-id=\"15e27f8\" data-element_type=\"section\">\n\t\t\t\t\t\t<div class=\"elementor-container elementor-column-gap-default\">\n\t\t\t\t\t<div class=\"elementor-column elementor-col-100 elementor-top-column elementor-element elementor-element-86eb39c\" data-id=\"86eb39c\" data-element_type=\"column\">\n\t\t\t<div class=\"elementor-widget-wrap elementor-element-populated\">\n\t\t\t\t\t\t<div class=\"elementor-element elementor-element-6146d72 elementor-tablet-align-center elementor-align-left elementor-widget elementor-widget-raven-heading\" data-id=\"6146d72\" data-element_type=\"widget\" data-widget_type=\"raven-heading.default\">\n\t\t\t\t<div class=\"elementor-widget-container\">\n\t\t\t\t\t\t\t<div class=\"raven-widget-wrapper\"><h2 class=\"raven-heading raven-heading-h2\"><span class=\"raven-heading-title \">Blaumar, garantia i professionalitat<\/span><\/h2><\/div>\n\t\t\t\t\t\t<\/div>\n\t\t\t\t<\/div>\n\t\t\t\t<div class=\"elementor-element elementor-element-704b6f2 elementor-widget elementor-widget-text-editor\" data-id=\"704b6f2\" data-element_type=\"widget\" data-widget_type=\"text-editor.default\">\n\t\t\t\t<div class=\"elementor-widget-container\">\n\t\t\t\t\t\t\t\t\t<p>Som un equip de professionals amb m\u00e9s de 40 anys d&#8217;experi\u00e8ncia que garanteix la solv\u00e8ncia i la professionalitat que necessites. A Blaumar oferim la m\u00e0xima garantia, seguretat i comoditat en la realitzaci\u00f3 de cursos, a les sortides de busseig, a les compres i al manteniment del teu equip.<\/p>\n\t\t\t\t\t\t\t\t<\/div>\n\t\t\t\t<\/div>\n\t\t\t\t<div class=\"elementor-element elementor-element-2b5783d elementor-widget elementor-widget-text-editor\" data-id=\"2b5783d\" data-element_type=\"widget\" data-widget_type=\"text-editor.default\">\n\t\t\t\t<div class=\"elementor-widget-container\">\n\t\t\t\t\t\t\t\t\t<p>Dins dels nostres serveis, disposem de serveis de manteniment i reparaci\u00f3 de material de les marques mundials m\u00e9s prestigioses. A m\u00e9s, el nostre personal t\u00e8cnic est\u00e0 certificat, especialment preparat i homologat per les marques mateixes per fer les tasques de manteniment i reparaci\u00f3.<\/p>\n\t\t\t\t\t\t\t\t<\/div>\n\t\t\t\t<\/div>\n\t\t\t\t<div class=\"elementor-element elementor-element-ce51072 elementor-widget elementor-widget-text-editor\" data-id=\"ce51072\" data-element_type=\"widget\" data-widget_type=\"text-editor.default\">\n\t\t\t\t<div class=\"elementor-widget-container\">\n\t\t\t\t\t\t\t\t\t<p>Per comoditat dels nostres clients i usuaris, disposem de p\u00e0rquing i vestuaris situats a pocs metres dels nostres vaixells. Tamb\u00e9 venem o lloguem el material que puguis necessitar.<\/p>\n\t\t\t\t\t\t\t\t<\/div>\n\t\t\t\t<\/div>\n\t\t\t\t<div class=\"elementor-element elementor-element-97dce3b elementor-widget elementor-widget-text-editor\" data-id=\"97dce3b\" data-element_type=\"widget\" data-widget_type=\"text-editor.default\">\n\t\t\t\t<div class=\"elementor-widget-container\">\n\t\t\t\t\t\t\t\t\t<p>A Blaumar realitzem m\u00e9s de 600 sortides a l&#8217;any per descobrir el fascinant m\u00f3n submar\u00ed. <br \/>Tenim obert durant tot l\u00b4any.<\/p>\n\t\t\t\t\t\t\t\t<\/div>\n\t\t\t\t<\/div>\n\t\t\t\t<div class=\"elementor-element elementor-element-86dea3d elementor-widget elementor-widget-image\" data-id=\"86dea3d\" data-element_type=\"widget\" data-widget_type=\"image.default\">\n\t\t\t\t<div class=\"elementor-widget-container\">\n\t\t\t\t\t\t\t\t\t\t\t\t\t\t\t<img fetchpriority=\"high\" decoding=\"async\" width=\"1120\" height=\"630\" src=\"https:\/\/blaumar.cat\/wp-content\/uploads\/2023\/03\/nos.jpg\" class=\"attachment-full size-full wp-image-735\" alt=\"\" srcset=\"https:\/\/blaumar.cat\/wp-content\/uploads\/2023\/03\/nos.jpg 1120w, https:\/\/blaumar.cat\/wp-content\/uploads\/2023\/03\/nos-600x338.jpg 600w, https:\/\/blaumar.cat\/wp-content\/uploads\/2023\/03\/nos-300x169.jpg 300w, https:\/\/blaumar.cat\/wp-content\/uploads\/2023\/03\/nos-1024x576.jpg 1024w, https:\/\/blaumar.cat\/wp-content\/uploads\/2023\/03\/nos-768x432.jpg 768w\" sizes=\"(max-width: 1120px) 100vw, 1120px\" \/>\t\t\t\t\t\t\t\t\t\t\t\t\t\t\t<\/div>\n\t\t\t\t<\/div>\n\t\t\t\t\t<\/div>\n\t\t<\/div>\n\t\t\t\t\t<\/div>\n\t\t<\/section>\n\t\t\t\t<section class=\"elementor-section elementor-top-section elementor-element elementor-element-6c11f9b elementor-section-height-min-height elementor-section-boxed elementor-section-height-default elementor-section-items-middle\" data-id=\"6c11f9b\" data-element_type=\"section\" data-settings=\"{&quot;background_background&quot;:&quot;classic&quot;}\">\n\t\t\t\t\t\t\t<div class=\"elementor-background-overlay\"><\/div>\n\t\t\t\t\t\t\t<div class=\"elementor-container elementor-column-gap-default\">\n\t\t\t\t\t<div class=\"elementor-column elementor-col-50 elementor-top-column elementor-element elementor-element-7102ac8\" data-id=\"7102ac8\" data-element_type=\"column\">\n\t\t\t<div class=\"elementor-widget-wrap elementor-element-populated\">\n\t\t\t\t\t\t<div class=\"elementor-element elementor-element-9803a10 elementor-widget elementor-widget-text-editor\" data-id=\"9803a10\" data-element_type=\"widget\" data-widget_type=\"text-editor.default\">\n\t\t\t\t<div class=\"elementor-widget-container\">\n\t\t\t\t\t\t\t\t\tGaudeix del fons mar\u00ed amb\nBlaumar: <a href=\"tel:937904522\" style=\"color:#39c2ff;\">93 790 45 22<\/a>\t\t\t\t\t\t\t\t<\/div>\n\t\t\t\t<\/div>\n\t\t\t\t\t<\/div>\n\t\t<\/div>\n\t\t\t\t<div class=\"elementor-column elementor-col-50 elementor-top-column elementor-element elementor-element-eca1540\" data-id=\"eca1540\" data-element_type=\"column\">\n\t\t\t<div class=\"elementor-widget-wrap elementor-element-populated\">\n\t\t\t\t\t\t<div class=\"elementor-element elementor-element-262668a elementor-align-right elementor-mobile-align-center elementor-widget elementor-widget-raven-button\" data-id=\"262668a\" data-element_type=\"widget\" data-settings=\"{&quot;turn_to_popup_action_button&quot;:&quot;no&quot;}\" data-widget_type=\"raven-button.default\">\n\t\t\t\t<div class=\"elementor-widget-container\">\n\t\t\t\t\t\t\t<div class=\"raven-widget-wrapper\">\n\t\t\t<a class=\"raven-button raven-button-widget-normal-effect-none  raven-button-text-align-center raven-button-link elementor-animation-none\" href=\"https:\/\/blaumar.cat\/ca\/contacte\/\">\t\t\t\t<div class=\"raven-button-overlay\" ><\/div>\n\t\t\t\t<span class=\"raven-button-content\">\n\t\t\t\t\t\n\t\t\t\t\t<div class=\"button-text-container\">\n\t\t\t\t\t\t\t\t\t\t\t\t<div class=\"raven-button-texts-wrapper\">\n\t\t\t\t\t\t\t<div class=\"button-text\">\n\t\t\t\t\t\t\t\t<span class=\"raven-button-text\">\n\t\t\t\t\t\t\t\t\tContactar\t\t\t\t\t\t\t\t<\/span>\n\t\t\t\t\t\t\t<\/div>\n\t\t\t\t\t\t\t\t\t\t\t\t\t<\/div>\n\t\t\t\t\t\t\t\t\t\t\t<\/div>\n\t\t\t\t\t\n\t\t\t\t\t\t\t\t\t<\/span>\n\t\t\t<\/a>\t\t<\/div>\n\t\t\t\t\t\t<\/div>\n\t\t\t\t<\/div>\n\t\t\t\t\t<\/div>\n\t\t<\/div>\n\t\t\t\t\t<\/div>\n\t\t<\/section>\n\t\t\t\t<\/div>\n\t\t","protected":false},"excerpt":{"rendered":"<p>Nosaltres Blaumar, garantia i professionalitat Som un equip de professionals amb m\u00e9s de 40 anys d&#8217;experi\u00e8ncia que garanteix la solv\u00e8ncia i la professionalitat que necessites. A Blaumar oferim la m\u00e0xima garantia, seguretat i comoditat en la realitzaci\u00f3 de cursos, a les sortides de busseig, a les compres i al manteniment del teu equip. Dins dels [&hellip;]<\/p>\n","protected":false},"author":1,"featured_media":0,"parent":0,"menu_order":0,"comment_status":"closed","ping_status":"closed","template":"elementor_header_footer","meta":{"footnotes":""},"class_list":["post-1005","page","type-page","status-publish","hentry"],"_links":{"self":[{"href":"https:\/\/blaumar.cat\/ca\/wp-json\/wp\/v2\/pages\/1005","targetHints":{"allow":["GET"]}}],"collection":[{"href":"https:\/\/blaumar.cat\/ca\/wp-json\/wp\/v2\/pages"}],"about":[{"href":"https:\/\/blaumar.cat\/ca\/wp-json\/wp\/v2\/types\/page"}],"author":[{"embeddable":true,"href":"https:\/\/blaumar.cat\/ca\/wp-json\/wp\/v2\/users\/1"}],"replies":[{"embeddable":true,"href":"https:\/\/blaumar.cat\/ca\/wp-json\/wp\/v2\/comments?post=1005"}],"version-history":[{"count":5,"href":"https:\/\/blaumar.cat\/ca\/wp-json\/wp\/v2\/pages\/1005\/revisions"}],"predecessor-version":[{"id":1257,"href":"https:\/\/blaumar.cat\/ca\/wp-json\/wp\/v2\/pages\/1005\/revisions\/1257"}],"wp:attachment":[{"href":"https:\/\/blaumar.cat\/ca\/wp-json\/wp\/v2\/media?parent=1005"}],"curies":[{"name":"wp","href":"https:\/\/api.w.org\/{rel}","templated":true}]}}