{"id":1330,"date":"2023-06-23T09:14:49","date_gmt":"2023-06-23T09:14:49","guid":{"rendered":"https:\/\/blaumar.cat\/?page_id=1330"},"modified":"2024-02-05T10:02:58","modified_gmt":"2024-02-05T10:02:58","slug":"packs","status":"publish","type":"page","link":"https:\/\/blaumar.cat\/ca\/packs\/","title":{"rendered":"Packs"},"content":{"rendered":"\t\t<div data-elementor-type=\"wp-page\" data-elementor-id=\"1330\" class=\"elementor elementor-1330 elementor-1329\">\n\t\t\t\t\t\t<section class=\"elementor-section elementor-top-section elementor-element elementor-element-b3cdca0 elementor-section-height-min-height elementor-section-items-stretch elementor-section-boxed elementor-section-height-default\" data-id=\"b3cdca0\" data-element_type=\"section\" data-settings=\"{&quot;background_background&quot;:&quot;classic&quot;}\">\n\t\t\t\t\t\t\t<div class=\"elementor-background-overlay\"><\/div>\n\t\t\t\t\t\t\t<div class=\"elementor-container elementor-column-gap-default\">\n\t\t\t\t\t<div class=\"elementor-column elementor-col-100 elementor-top-column elementor-element elementor-element-cd30762\" data-id=\"cd30762\" data-element_type=\"column\">\n\t\t\t<div class=\"elementor-widget-wrap elementor-element-populated\">\n\t\t\t\t\t\t<div class=\"elementor-element elementor-element-123ad0d elementor-align-center elementor-mobile-align-center elementor-widget elementor-widget-raven-heading\" data-id=\"123ad0d\" data-element_type=\"widget\" data-widget_type=\"raven-heading.default\">\n\t\t\t\t<div class=\"elementor-widget-container\">\n\t\t\t\t\t\t\t<div class=\"raven-widget-wrapper\"><h1 class=\"raven-heading raven-heading-h1\"><span class=\"raven-heading-title \">Packs<\/span><\/h1><\/div>\n\t\t\t\t\t\t<\/div>\n\t\t\t\t<\/div>\n\t\t\t\t\t<\/div>\n\t\t<\/div>\n\t\t\t\t\t<\/div>\n\t\t<\/section>\n\t\t\t\t<section class=\"elementor-section elementor-top-section elementor-element elementor-element-e81ff98 elementor-section-boxed elementor-section-height-default elementor-section-height-default\" data-id=\"e81ff98\" data-element_type=\"section\">\n\t\t\t\t\t\t<div class=\"elementor-container elementor-column-gap-default\">\n\t\t\t\t\t<div class=\"elementor-column elementor-col-100 elementor-top-column elementor-element elementor-element-ce79df4\" data-id=\"ce79df4\" data-element_type=\"column\">\n\t\t\t<div class=\"elementor-widget-wrap elementor-element-populated\">\n\t\t\t\t\t\t<div class=\"elementor-element elementor-element-c7f589b elementor-widget elementor-widget-raven-wc-products\" data-id=\"c7f589b\" data-element_type=\"widget\" data-settings=\"{&quot;show_all_products&quot;:&quot;yes&quot;,&quot;columns&quot;:&quot;4&quot;,&quot;query_orderby&quot;:&quot;title&quot;,&quot;query_order&quot;:&quot;DESC&quot;,&quot;query_offset&quot;:0,&quot;layout&quot;:&quot;default&quot;}\" data-widget_type=\"raven-wc-products.default\">\n\t\t\t\t<div class=\"elementor-widget-container\">\n\t\t\t\t\t\t\t<div\n\t\t\tclass=\"raven-wc-products-wrapper raven-wc-products-default\"\n\t\t\tdata-settings=\"{&quot;layout&quot;:&quot;default&quot;,&quot;total_pages&quot;:1,&quot;image_size&quot;:&quot;woocommerce_thumbnail&quot;,&quot;atc_button&quot;:&quot;&quot;}\"\n\t\t\tdata-query=\"{&quot;\\u0000*\\u0000type&quot;:&quot;products&quot;,&quot;\\u0000*\\u0000attributes&quot;:{&quot;limit&quot;:&quot;-1&quot;,&quot;columns&quot;:&quot;4&quot;,&quot;rows&quot;:null,&quot;orderby&quot;:&quot;title&quot;,&quot;order&quot;:&quot;DESC&quot;,&quot;ids&quot;:&quot;&quot;,&quot;skus&quot;:&quot;&quot;,&quot;category&quot;:&quot;&quot;,&quot;cat_operator&quot;:&quot;IN&quot;,&quot;attribute&quot;:&quot;&quot;,&quot;terms&quot;:&quot;&quot;,&quot;terms_operator&quot;:&quot;IN&quot;,&quot;tag&quot;:&quot;&quot;,&quot;tag_operator&quot;:&quot;IN&quot;,&quot;visibility&quot;:&quot;visible&quot;,&quot;class&quot;:&quot;&quot;,&quot;page&quot;:1,&quot;paginate&quot;:false,&quot;cache&quot;:true,&quot;brand&quot;:&quot;&quot;,&quot;brand_operator&quot;:&quot;IN&quot;},&quot;\\u0000*\\u0000query_args&quot;:{&quot;post_type&quot;:&quot;product&quot;,&quot;post_status&quot;:&quot;publish&quot;,&quot;ignore_sticky_posts&quot;:true,&quot;no_found_rows&quot;:true,&quot;orderby&quot;:&quot;title&quot;,&quot;order&quot;:&quot;DESC&quot;,&quot;posts_per_page&quot;:-1,&quot;meta_query&quot;:[],&quot;tax_query&quot;:[{&quot;taxonomy&quot;:&quot;product_visibility&quot;,&quot;field&quot;:&quot;term_taxonomy_id&quot;,&quot;terms&quot;:[27],&quot;operator&quot;:&quot;NOT IN&quot;}],&quot;lang&quot;:&quot;ca&quot;,&quot;fields&quot;:&quot;ids&quot;},&quot;\\u0000*\\u0000custom_visibility&quot;:false,&quot;fallback_filter&quot;:null,&quot;context_id&quot;:&quot;ctx_0&quot;}\"\n\t\t\t\t\t>\n\t\t\t<h2 class=\"raven-wc-products-title\"><\/h2><div class=\"woocommerce columns-4 \"><ul class=\"products columns-4\">\n<li class=\"product type-product post-1911 status-publish first instock product_cat-cursos-especialitats has-post-thumbnail virtual purchasable product-type-simple\">\n\t<a href=\"https:\/\/blaumar.cat\/ca\/producte\/suport-vital-basic-rcp\/\" class=\"woocommerce-LoopProduct-link woocommerce-loop-product__link\"><\/a><a href=\"?add-to-cart=1911\" aria-describedby=\"woocommerce_loop_add_to_cart_link_describedby_1911\" data-quantity=\"1\" class=\"button product_type_simple add_to_cart_button ajax_add_to_cart\" data-product_id=\"1911\" data-product_sku=\"\" aria-label=\"Afegeix a la cistella: &ldquo;Suport vital b\u00e0sic RCP&rdquo;\" rel=\"nofollow\" data-success_message=\"&ldquo;Suport vital b\u00e0sic RCP&rdquo; s&#039;ha afegit a la vostra cistella\">Afegeix a la cistella<\/a>\t<span id=\"woocommerce_loop_add_to_cart_link_describedby_1911\" class=\"screen-reader-text\">\n\t\t\t<\/span>\n<\/li>\n<li class=\"product type-product post-1919 status-publish instock product_cat-packs-sortides-de-busseig has-post-thumbnail virtual purchasable product-type-simple\">\n\t<a href=\"https:\/\/blaumar.cat\/ca\/producte\/pack-6-sortides-vaixell-i-ampolla-daire\/\" class=\"woocommerce-LoopProduct-link woocommerce-loop-product__link\"><\/a><a href=\"?add-to-cart=1919\" aria-describedby=\"woocommerce_loop_add_to_cart_link_describedby_1919\" data-quantity=\"1\" class=\"button product_type_simple add_to_cart_button ajax_add_to_cart\" data-product_id=\"1919\" data-product_sku=\"\" aria-label=\"Afegeix a la cistella: &ldquo;Pack 6 sortides vaixell i ampolla d&#039;aire&rdquo;\" rel=\"nofollow\" data-success_message=\"&ldquo;Pack 6 sortides vaixell i ampolla d&#039;aire&rdquo; s&#039;ha afegit a la vostra cistella\">Afegeix a la cistella<\/a>\t<span id=\"woocommerce_loop_add_to_cart_link_describedby_1919\" class=\"screen-reader-text\">\n\t\t\t<\/span>\n<\/li>\n<li class=\"product type-product post-1918 status-publish instock product_cat-packs-sortides-de-busseig has-post-thumbnail virtual purchasable product-type-simple\">\n\t<a href=\"https:\/\/blaumar.cat\/ca\/producte\/pack-6-sortides-vaixell-i-ampolla-amb-nitrox\/\" class=\"woocommerce-LoopProduct-link woocommerce-loop-product__link\"><\/a><a href=\"?add-to-cart=1918\" aria-describedby=\"woocommerce_loop_add_to_cart_link_describedby_1918\" data-quantity=\"1\" class=\"button product_type_simple add_to_cart_button ajax_add_to_cart\" data-product_id=\"1918\" data-product_sku=\"\" aria-label=\"Afegeix a la cistella: &ldquo;Pack 6 sortides vaixell i ampolla amb Nitrox&rdquo;\" rel=\"nofollow\" data-success_message=\"&ldquo;Pack 6 sortides vaixell i ampolla amb Nitrox&rdquo; s&#039;ha afegit a la vostra cistella\">Afegeix a la cistella<\/a>\t<span id=\"woocommerce_loop_add_to_cart_link_describedby_1918\" class=\"screen-reader-text\">\n\t\t\t<\/span>\n<\/li>\n<li class=\"product type-product post-1920 status-publish last instock product_cat-packs-sortides-de-busseig has-post-thumbnail shipping-taxable purchasable product-type-simple\">\n\t<a href=\"https:\/\/blaumar.cat\/ca\/producte\/pack-5-sortides-amb-equip-complet-amb-nitrox\/\" class=\"woocommerce-LoopProduct-link woocommerce-loop-product__link\"><\/a><a href=\"?add-to-cart=1920\" aria-describedby=\"woocommerce_loop_add_to_cart_link_describedby_1920\" data-quantity=\"1\" class=\"button product_type_simple add_to_cart_button ajax_add_to_cart\" data-product_id=\"1920\" data-product_sku=\"\" aria-label=\"Afegeix a la cistella: &ldquo;Pack 6 sortides amb equip complet amb Nitrox&rdquo;\" rel=\"nofollow\" data-success_message=\"&ldquo;Pack 6 sortides amb equip complet amb Nitrox&rdquo; s&#039;ha afegit a la vostra cistella\">Afegeix a la cistella<\/a>\t<span id=\"woocommerce_loop_add_to_cart_link_describedby_1920\" class=\"screen-reader-text\">\n\t\t\t<\/span>\n<\/li>\n<li class=\"product type-product post-1915 status-publish first instock product_cat-packs-sortides-de-busseig has-post-thumbnail virtual purchasable product-type-simple\">\n\t<a href=\"https:\/\/blaumar.cat\/ca\/producte\/pack-5-sortides-amb-equip-complet-amb-aire\/\" class=\"woocommerce-LoopProduct-link woocommerce-loop-product__link\"><\/a><a href=\"?add-to-cart=1915\" aria-describedby=\"woocommerce_loop_add_to_cart_link_describedby_1915\" data-quantity=\"1\" class=\"button product_type_simple add_to_cart_button ajax_add_to_cart\" data-product_id=\"1915\" data-product_sku=\"\" aria-label=\"Afegeix a la cistella: &ldquo;Pack 6 sortides + equip complet aire&rdquo;\" rel=\"nofollow\" data-success_message=\"&ldquo;Pack 6 sortides + equip complet aire&rdquo; s&#039;ha afegit a la vostra cistella\">Afegeix a la cistella<\/a>\t<span id=\"woocommerce_loop_add_to_cart_link_describedby_1915\" class=\"screen-reader-text\">\n\t\t\t<\/span>\n<\/li>\n<li class=\"product type-product post-1916 status-publish instock product_cat-packs-sortides-de-busseig has-post-thumbnail virtual purchasable product-type-simple\">\n\t<a href=\"https:\/\/blaumar.cat\/ca\/producte\/pack-12-sortides-vaixell-i-ampolla-amb-nitrox\/\" class=\"woocommerce-LoopProduct-link woocommerce-loop-product__link\"><\/a><a href=\"?add-to-cart=1916\" aria-describedby=\"woocommerce_loop_add_to_cart_link_describedby_1916\" data-quantity=\"1\" class=\"button product_type_simple add_to_cart_button ajax_add_to_cart\" data-product_id=\"1916\" data-product_sku=\"\" aria-label=\"Afegeix a la cistella: &ldquo;Pack 12 sortides vaixell i ampolla amb Nitrox&rdquo;\" rel=\"nofollow\" data-success_message=\"&ldquo;Pack 12 sortides vaixell i ampolla amb Nitrox&rdquo; s&#039;ha afegit a la vostra cistella\">Afegeix a la cistella<\/a>\t<span id=\"woocommerce_loop_add_to_cart_link_describedby_1916\" class=\"screen-reader-text\">\n\t\t\t<\/span>\n<\/li>\n<li class=\"product type-product post-1917 status-publish instock product_cat-packs-sortides-de-busseig has-post-thumbnail virtual purchasable product-type-simple\">\n\t<a href=\"https:\/\/blaumar.cat\/ca\/producte\/pack-12-sortides-vaixell-i-ampolla-amb-aire\/\" class=\"woocommerce-LoopProduct-link woocommerce-loop-product__link\"><\/a><a href=\"?add-to-cart=1917\" aria-describedby=\"woocommerce_loop_add_to_cart_link_describedby_1917\" data-quantity=\"1\" class=\"button product_type_simple add_to_cart_button ajax_add_to_cart\" data-product_id=\"1917\" data-product_sku=\"\" aria-label=\"Afegeix a la cistella: &ldquo;Pack 12 sortides vaixell i ampolla amb aire&rdquo;\" rel=\"nofollow\" data-success_message=\"&ldquo;Pack 12 sortides vaixell i ampolla amb aire&rdquo; s&#039;ha afegit a la vostra cistella\">Afegeix a la cistella<\/a>\t<span id=\"woocommerce_loop_add_to_cart_link_describedby_1917\" class=\"screen-reader-text\">\n\t\t\t<\/span>\n<\/li>\n<li class=\"product type-product post-1909 status-publish last instock product_cat-cursos-especialitats has-post-thumbnail virtual purchasable product-type-simple\">\n\t<a href=\"https:\/\/blaumar.cat\/ca\/producte\/oxigen-terapia-o2\/\" class=\"woocommerce-LoopProduct-link woocommerce-loop-product__link\"><\/a><a href=\"?add-to-cart=1909\" aria-describedby=\"woocommerce_loop_add_to_cart_link_describedby_1909\" data-quantity=\"1\" class=\"button product_type_simple add_to_cart_button ajax_add_to_cart\" data-product_id=\"1909\" data-product_sku=\"\" aria-label=\"Afegeix a la cistella: &ldquo;Oxigen ter\u00e0pia O2&rdquo;\" rel=\"nofollow\" data-success_message=\"&ldquo;Oxigen ter\u00e0pia O2&rdquo; s&#039;ha afegit a la vostra cistella\">Afegeix a la cistella<\/a>\t<span id=\"woocommerce_loop_add_to_cart_link_describedby_1909\" class=\"screen-reader-text\">\n\t\t\t<\/span>\n<\/li>\n<li class=\"product type-product post-1905 status-publish first instock product_cat-lloguers has-post-thumbnail virtual purchasable product-type-simple\">\n\t<a href=\"https:\/\/blaumar.cat\/ca\/producte\/lloguer-dembarcacio-amb-patro-3h\/\" class=\"woocommerce-LoopProduct-link woocommerce-loop-product__link\"><\/a><a href=\"?add-to-cart=1905\" aria-describedby=\"woocommerce_loop_add_to_cart_link_describedby_1905\" data-quantity=\"1\" class=\"button product_type_simple add_to_cart_button ajax_add_to_cart\" data-product_id=\"1905\" data-product_sku=\"\" aria-label=\"Afegeix a la cistella: &ldquo;Lloguer d&#039;embarcaci\u00f3 amb patr\u00f3 (3h)&rdquo;\" rel=\"nofollow\" data-success_message=\"&ldquo;Lloguer d&#039;embarcaci\u00f3 amb patr\u00f3 (3h)&rdquo; s&#039;ha afegit a la vostra cistella\">Afegeix a la cistella<\/a>\t<span id=\"woocommerce_loop_add_to_cart_link_describedby_1905\" class=\"screen-reader-text\">\n\t\t\t<\/span>\n<\/li>\n<li class=\"product type-product post-1906 status-publish instock product_cat-lloguers has-post-thumbnail virtual purchasable product-type-simple\">\n\t<a href=\"https:\/\/blaumar.cat\/ca\/producte\/lloguer-dembarcacio-amb-patro-3h-2\/\" class=\"woocommerce-LoopProduct-link woocommerce-loop-product__link\"><\/a><a href=\"?add-to-cart=1906\" aria-describedby=\"woocommerce_loop_add_to_cart_link_describedby_1906\" data-quantity=\"1\" class=\"button product_type_simple add_to_cart_button ajax_add_to_cart\" data-product_id=\"1906\" data-product_sku=\"\" aria-label=\"Afegeix a la cistella: &ldquo;Lloguer d\u00b4embarcaci\u00f3 amb patr\u00f3 (2,5h)&rdquo;\" rel=\"nofollow\" data-success_message=\"&ldquo;Lloguer d\u00b4embarcaci\u00f3 amb patr\u00f3 (2,5h)&rdquo; s&#039;ha afegit a la vostra cistella\">Afegeix a la cistella<\/a>\t<span id=\"woocommerce_loop_add_to_cart_link_describedby_1906\" class=\"screen-reader-text\">\n\t\t\t<\/span>\n<\/li>\n<li class=\"product type-product post-1907 status-publish instock product_cat-lloguers has-post-thumbnail virtual purchasable product-type-simple\">\n\t<a href=\"https:\/\/blaumar.cat\/ca\/producte\/lloguer-dembarcacio-amb-patro-1h\/\" class=\"woocommerce-LoopProduct-link woocommerce-loop-product__link\"><\/a><a href=\"?add-to-cart=1907\" aria-describedby=\"woocommerce_loop_add_to_cart_link_describedby_1907\" data-quantity=\"1\" class=\"button product_type_simple add_to_cart_button ajax_add_to_cart\" data-product_id=\"1907\" data-product_sku=\"\" aria-label=\"Afegeix a la cistella: &ldquo;Lloguer d\u00b4embarcaci\u00f3 amb patr\u00f3 (1h)&rdquo;\" rel=\"nofollow\" data-success_message=\"&ldquo;Lloguer d\u00b4embarcaci\u00f3 amb patr\u00f3 (1h)&rdquo; s&#039;ha afegit a la vostra cistella\">Afegeix a la cistella<\/a>\t<span id=\"woocommerce_loop_add_to_cart_link_describedby_1907\" class=\"screen-reader-text\">\n\t\t\t<\/span>\n<\/li>\n<li class=\"product type-product post-1908 status-publish last instock product_cat-cursos-especialitats has-post-thumbnail virtual purchasable product-type-simple\">\n\t<a href=\"https:\/\/blaumar.cat\/ca\/producte\/curs-de-vestit-sec\/\" class=\"woocommerce-LoopProduct-link woocommerce-loop-product__link\"><\/a><a href=\"?add-to-cart=1908\" aria-describedby=\"woocommerce_loop_add_to_cart_link_describedby_1908\" data-quantity=\"1\" class=\"button product_type_simple add_to_cart_button ajax_add_to_cart\" data-product_id=\"1908\" data-product_sku=\"\" aria-label=\"Afegeix a la cistella: &ldquo;Curs de vestit sec&rdquo;\" rel=\"nofollow\" data-success_message=\"&ldquo;Curs de vestit sec&rdquo; s&#039;ha afegit a la vostra cistella\">Afegeix a la cistella<\/a>\t<span id=\"woocommerce_loop_add_to_cart_link_describedby_1908\" class=\"screen-reader-text\">\n\t\t\t<\/span>\n<\/li>\n<li class=\"product type-product post-2287 status-publish first instock product_cat-cursos-especialitats has-post-thumbnail virtual purchasable product-type-simple\">\n\t<a href=\"https:\/\/blaumar.cat\/ca\/producte\/curs-de-nitrox\/\" class=\"woocommerce-LoopProduct-link woocommerce-loop-product__link\"><\/a><a href=\"?add-to-cart=2287\" aria-describedby=\"woocommerce_loop_add_to_cart_link_describedby_2287\" data-quantity=\"1\" class=\"button product_type_simple add_to_cart_button ajax_add_to_cart\" data-product_id=\"2287\" data-product_sku=\"\" aria-label=\"Afegeix a la cistella: &ldquo;Curs de Nitrox&rdquo;\" rel=\"nofollow\" data-success_message=\"&ldquo;Curs de Nitrox&rdquo; s&#039;ha afegit a la vostra cistella\">Afegeix a la cistella<\/a>\t<span id=\"woocommerce_loop_add_to_cart_link_describedby_2287\" class=\"screen-reader-text\">\n\t\t\t<\/span>\n<\/li>\n<li class=\"product type-product post-1910 status-publish instock product_cat-cursos-de-busseig has-post-thumbnail shipping-taxable purchasable product-type-simple\">\n\t<a href=\"https:\/\/blaumar.cat\/ca\/producte\/bussejador-de-b3e\/\" class=\"woocommerce-LoopProduct-link woocommerce-loop-product__link\"><\/a><a href=\"?add-to-cart=1910\" aria-describedby=\"woocommerce_loop_add_to_cart_link_describedby_1910\" data-quantity=\"1\" class=\"button product_type_simple add_to_cart_button ajax_add_to_cart\" data-product_id=\"1910\" data-product_sku=\"\" aria-label=\"Afegeix a la cistella: &ldquo;Bussejador de B3E&rdquo;\" rel=\"nofollow\" data-success_message=\"&ldquo;Bussejador de B3E&rdquo; s&#039;ha afegit a la vostra cistella\">Afegeix a la cistella<\/a>\t<span id=\"woocommerce_loop_add_to_cart_link_describedby_1910\" class=\"screen-reader-text\">\n\t\t\t<\/span>\n<\/li>\n<li class=\"product type-product post-1912 status-publish instock product_cat-cursos-de-busseig has-post-thumbnail virtual purchasable product-type-simple\">\n\t<a href=\"https:\/\/blaumar.cat\/ca\/producte\/bussejador-de-b2e\/\" class=\"woocommerce-LoopProduct-link woocommerce-loop-product__link\"><\/a><a href=\"?add-to-cart=1912\" aria-describedby=\"woocommerce_loop_add_to_cart_link_describedby_1912\" data-quantity=\"1\" class=\"button product_type_simple add_to_cart_button ajax_add_to_cart\" data-product_id=\"1912\" data-product_sku=\"\" aria-label=\"Afegeix a la cistella: &ldquo;Bussejador de B2E&rdquo;\" rel=\"nofollow\" data-success_message=\"&ldquo;Bussejador de B2E&rdquo; s&#039;ha afegit a la vostra cistella\">Afegeix a la cistella<\/a>\t<span id=\"woocommerce_loop_add_to_cart_link_describedby_1912\" class=\"screen-reader-text\">\n\t\t\t<\/span>\n<\/li>\n<li class=\"product type-product post-1913 status-publish last instock product_cat-cursos-de-busseig has-post-thumbnail virtual purchasable product-type-simple\">\n\t<a href=\"https:\/\/blaumar.cat\/ca\/producte\/bussejador-de-b1e-iniciacio\/\" class=\"woocommerce-LoopProduct-link woocommerce-loop-product__link\"><\/a><a href=\"?add-to-cart=1913\" aria-describedby=\"woocommerce_loop_add_to_cart_link_describedby_1913\" data-quantity=\"1\" class=\"button product_type_simple add_to_cart_button ajax_add_to_cart\" data-product_id=\"1913\" data-product_sku=\"\" aria-label=\"Afegeix a la cistella: &ldquo;Bussejador de B1E Iniciaci\u00f3&rdquo;\" rel=\"nofollow\" data-success_message=\"&ldquo;Bussejador de B1E Iniciaci\u00f3&rdquo; s&#039;ha afegit a la vostra cistella\">Afegeix a la cistella<\/a>\t<span id=\"woocommerce_loop_add_to_cart_link_describedby_1913\" class=\"screen-reader-text\">\n\t\t\t<\/span>\n<\/li>\n<li class=\"product type-product post-1904 status-publish first instock product_cat-cursos-de-busseig has-post-thumbnail virtual purchasable product-type-simple\">\n\t<a href=\"https:\/\/blaumar.cat\/ca\/producte\/bateig-personalitzat-en-piscina\/\" class=\"woocommerce-LoopProduct-link woocommerce-loop-product__link\"><\/a><a href=\"?add-to-cart=1904\" aria-describedby=\"woocommerce_loop_add_to_cart_link_describedby_1904\" data-quantity=\"1\" class=\"button product_type_simple add_to_cart_button ajax_add_to_cart\" data-product_id=\"1904\" data-product_sku=\"\" aria-label=\"Afegeix a la cistella: &ldquo;Bateig personalitzat en piscina (M\u00ednim 4 persones)&rdquo;\" rel=\"nofollow\" data-success_message=\"&ldquo;Bateig personalitzat en piscina (M\u00ednim 4 persones)&rdquo; s&#039;ha afegit a la vostra cistella\">Afegeix a la cistella<\/a>\t<span id=\"woocommerce_loop_add_to_cart_link_describedby_1904\" class=\"screen-reader-text\">\n\t\t\t<\/span>\n<\/li>\n<li class=\"product type-product post-1914 status-publish instock product_cat-cursos-de-busseig has-post-thumbnail virtual purchasable product-type-simple\">\n\t<a href=\"https:\/\/blaumar.cat\/ca\/producte\/bateig-personalitzat-al-mar\/\" class=\"woocommerce-LoopProduct-link woocommerce-loop-product__link\"><\/a><a href=\"?add-to-cart=1914\" aria-describedby=\"woocommerce_loop_add_to_cart_link_describedby_1914\" data-quantity=\"1\" class=\"button product_type_simple add_to_cart_button ajax_add_to_cart\" data-product_id=\"1914\" data-product_sku=\"\" aria-label=\"Afegeix a la cistella: &ldquo;Bateig personalitzat al mar&rdquo;\" rel=\"nofollow\" data-success_message=\"&ldquo;Bateig personalitzat al mar&rdquo; s&#039;ha afegit a la vostra cistella\">Afegeix a la cistella<\/a>\t<span id=\"woocommerce_loop_add_to_cart_link_describedby_1914\" class=\"screen-reader-text\">\n\t\t\t<\/span>\n<\/li>\n<\/ul>\n<\/div>\t\t<\/div>\n\t\t\t\t\t\t<\/div>\n\t\t\t\t<\/div>\n\t\t\t\t\t<\/div>\n\t\t<\/div>\n\t\t\t\t\t<\/div>\n\t\t<\/section>\n\t\t\t\t<\/div>\n\t\t","protected":false},"excerpt":{"rendered":"<p>Packs Cursos especialidades Soporte vital b\u00e1sico RCP 125,00&euro; A\u00f1adir al carrito Packs salidas de buceo Pack 6 salidas barco y botella de aire 191,00&euro; A\u00f1adir al carrito Packs salidas de buceo Pack 6 salidas barco y botella con Nitrox 221,00&euro; A\u00f1adir al carrito Packs salidas de buceo Pack 5 salidas con equipo completo con Nitrox [&hellip;]<\/p>\n","protected":false},"author":1,"featured_media":0,"parent":0,"menu_order":0,"comment_status":"closed","ping_status":"closed","template":"elementor_header_footer","meta":{"footnotes":""},"class_list":["post-1330","page","type-page","status-publish","hentry"],"_links":{"self":[{"href":"https:\/\/blaumar.cat\/ca\/wp-json\/wp\/v2\/pages\/1330","targetHints":{"allow":["GET"]}}],"collection":[{"href":"https:\/\/blaumar.cat\/ca\/wp-json\/wp\/v2\/pages"}],"about":[{"href":"https:\/\/blaumar.cat\/ca\/wp-json\/wp\/v2\/types\/page"}],"author":[{"embeddable":true,"href":"https:\/\/blaumar.cat\/ca\/wp-json\/wp\/v2\/users\/1"}],"replies":[{"embeddable":true,"href":"https:\/\/blaumar.cat\/ca\/wp-json\/wp\/v2\/comments?post=1330"}],"version-history":[{"count":4,"href":"https:\/\/blaumar.cat\/ca\/wp-json\/wp\/v2\/pages\/1330\/revisions"}],"predecessor-version":[{"id":1896,"href":"https:\/\/blaumar.cat\/ca\/wp-json\/wp\/v2\/pages\/1330\/revisions\/1896"}],"wp:attachment":[{"href":"https:\/\/blaumar.cat\/ca\/wp-json\/wp\/v2\/media?parent=1330"}],"curies":[{"name":"wp","href":"https:\/\/api.w.org\/{rel}","templated":true}]}}