{"id":992,"date":"2023-03-23T13:16:29","date_gmt":"2023-03-23T13:16:29","guid":{"rendered":"https:\/\/blaumar.cat\/politica-de-privacitat\/"},"modified":"2023-04-21T06:54:04","modified_gmt":"2023-04-21T06:54:04","slug":"politica-de-privacitat","status":"publish","type":"page","link":"https:\/\/blaumar.cat\/ca\/politica-de-privacitat\/","title":{"rendered":"Pol\u00edtica de privacitat"},"content":{"rendered":"\t\t<div data-elementor-type=\"wp-page\" data-elementor-id=\"992\" class=\"elementor elementor-992 elementor-573\">\n\t\t\t\t\t\t<section class=\"elementor-section elementor-top-section elementor-element elementor-element-e8e4baa elementor-section-height-min-height elementor-section-items-stretch elementor-section-boxed elementor-section-height-default\" data-id=\"e8e4baa\" data-element_type=\"section\" data-settings=\"{&quot;background_background&quot;:&quot;classic&quot;}\">\n\t\t\t\t\t\t\t<div class=\"elementor-background-overlay\"><\/div>\n\t\t\t\t\t\t\t<div class=\"elementor-container elementor-column-gap-default\">\n\t\t\t\t\t<div class=\"elementor-column elementor-col-100 elementor-top-column elementor-element elementor-element-ed8195b\" data-id=\"ed8195b\" data-element_type=\"column\">\n\t\t\t<div class=\"elementor-widget-wrap elementor-element-populated\">\n\t\t\t\t\t\t<div class=\"elementor-element elementor-element-ff5627f elementor-align-center elementor-mobile-align-center elementor-widget elementor-widget-raven-heading\" data-id=\"ff5627f\" data-element_type=\"widget\" data-widget_type=\"raven-heading.default\">\n\t\t\t\t<div class=\"elementor-widget-container\">\n\t\t\t\t\t\t\t<div class=\"raven-widget-wrapper\"><h1 class=\"raven-heading raven-heading-h1\"><span class=\"raven-heading-title \">Pol\u00edtica de privacitat<\/span><\/h1><\/div>\n\t\t\t\t\t\t<\/div>\n\t\t\t\t<\/div>\n\t\t\t\t\t<\/div>\n\t\t<\/div>\n\t\t\t\t\t<\/div>\n\t\t<\/section>\n\t\t\t\t<section class=\"elementor-section elementor-top-section elementor-element elementor-element-15e27f8 elementor-section-boxed elementor-section-height-default elementor-section-height-default\" data-id=\"15e27f8\" data-element_type=\"section\">\n\t\t\t\t\t\t<div class=\"elementor-container elementor-column-gap-default\">\n\t\t\t\t\t<div class=\"elementor-column elementor-col-100 elementor-top-column elementor-element elementor-element-86eb39c\" data-id=\"86eb39c\" data-element_type=\"column\">\n\t\t\t<div class=\"elementor-widget-wrap elementor-element-populated\">\n\t\t\t\t\t\t<div class=\"elementor-element elementor-element-2b5783d elementor-widget elementor-widget-text-editor\" data-id=\"2b5783d\" data-element_type=\"widget\" data-widget_type=\"text-editor.default\">\n\t\t\t\t<div class=\"elementor-widget-container\">\n\t\t\t\t\t\t\t\t\t<p>A trav\u00e9s de la presente pol\u00edtica de privacidad BLAUMAR BIVALVIA, S. L. desea informar a todas las personas que naveguen y accedan al sitio web www.blaumar.cat sobre los tratamientos de datos personales realizados.<br \/>De conformidad con el Reglamento (UE) 2016\/679, de 27 de abril de 2016, relativo a la protecci\u00f3n de las personas f\u00edsicas en lo que respecta al tratamiento de datos personales y a la libre circulaci\u00f3n de estos datos, as\u00ed como la Ley Org\u00e1nica 3\/2018, de 5 de diciembre, de Protecci\u00f3n de Datos Personales y garant\u00eda de derechos digitales en calidad de Responsable del Tratamiento de los datos personales proporcionados, BLAUMAR BIVALVIA, S.L. informa a los Usuarios de la siguiente informaci\u00f3n:<br \/>Informaci\u00f3n b\u00e1sica sobre Protecci\u00f3n de Datos<\/p>\n<p><strong>Responsable<\/strong><br \/>BLAUMAR BIVALVIA, S.L.<br \/>Port Matar\u00f3, m\u00f2dul B2 \u2013 08301 Matar\u00f3 (Barcelona)<br \/>B60764677<\/p>\n<p><strong>Finalidad<\/strong><br \/>Gestionar los datos a los que la empresa accede como consecuencia de la navegaci\u00f3n, consulta y\/o solicitud as\u00ed como; Mantener informados a los Usuarios de productos y\/o servicios de BLAUMAR BIVALVIA, S.L., a trav\u00e9s de correo electr\u00f3nico o medios de comunicaci\u00f3n electr\u00f3nica equivalentes, siempre que el Usuario haya prestado su consentimiento.<\/p>\n<p><strong>Legitimaci\u00f3n<\/strong><br \/>Consentimiento del interesado.<\/p>\n<p><strong>Conservaci\u00f3n<\/strong><br \/>Los datos no se conservar\u00e1n m\u00e1s tiempo del necesario para los cuales han sido recabados, excepto que exista una obligaci\u00f3n legal. No obstante, en caso que el usuario solamente realice una consulta sus datos no ser\u00e1n utilizados por ning\u00fan otro motivo aparte de gestionar la respuesta.<\/p>\n<p><strong>Comunicaci\u00f3n de los datos<\/strong><br \/>No se comunicar\u00e1n a otros terceros, excepto obligaci\u00f3n legal o con el consentimiento expreso del interesado.<\/p>\n<p><strong>Derechos<\/strong><br \/>El interesado tiene derecho a retirar el consentimiento en cualquier momento. Asimismo, le informamos que podr\u00e1 ejercer sus derechos de acceso, rectificaci\u00f3n y supresi\u00f3n (Derecho al olvido), limitaci\u00f3n de los datos, portabilidad de los datos y oposici\u00f3n, enviando un escrito a BLAUMAR BIVALVIA, S.L. Port Matar\u00f3 M\u00f2dul B2 08301 Matar\u00f3 (Barcelona).<br \/>Asimismo, se informa al interesado que podr\u00e1 revocar el consentimiento del env\u00edo de comunicaciones comerciales enviando un correo electr\u00f3nico a blaumar@blaumar.cat<br \/>La persona interesada puede presentar una reclamaci\u00f3n ante la autoridad de control en materia de protecci\u00f3n de datos competente, que actualmente es la Agencia Espa\u00f1ola de Protecci\u00f3n de Datos (AEPD).<\/p>\n<p>Antes del env\u00edo de cualquier solicitud de informaci\u00f3n a trav\u00e9s del formulario de contacto de esta p\u00e1gina web, el usuario debe aceptar la pol\u00edtica de privacidad y las condiciones de uso de la misma, con el fin de prestar el consentimiento expreso e informado por el tratamiento de los datos con las finalidades indicadas.<\/p>\n<p>Medidas de seguridad implantadas<br \/>BLAUMAR BIVALVIA, S.L. informa que el tratamiento que realiza de datos personales se realiza en todo momento de conformidad con la normativa aplicable en materia de protecci\u00f3n de datos y de los servicios de la sociedad de la informaci\u00f3n.<br \/>En esta l\u00ednea, BLAUMAR BIVALVIA, S.L.informa que tiene implantadas las medidas de seguridad de \u00edndole t\u00e9cnica y organizativas necesarias que garanticen la seguridad de los datos de car\u00e1cter personal del usuario y eviten su alteraci\u00f3n, p\u00e9rdida, tratamiento y\/o acceso no autorizado de acuerdo con el estado de la tecnolog\u00eda, la naturaleza de los datos almacenados y los riesgos a los que est\u00e1n expuestos, ya provengan de la acci\u00f3n humana o del medio f\u00edsico o natural.<\/p>\n\t\t\t\t\t\t\t\t<\/div>\n\t\t\t\t<\/div>\n\t\t\t\t\t<\/div>\n\t\t<\/div>\n\t\t\t\t\t<\/div>\n\t\t<\/section>\n\t\t\t\t<section class=\"elementor-section elementor-top-section elementor-element elementor-element-6c11f9b elementor-section-height-min-height elementor-section-boxed elementor-section-height-default elementor-section-items-middle\" data-id=\"6c11f9b\" data-element_type=\"section\" data-settings=\"{&quot;background_background&quot;:&quot;classic&quot;}\">\n\t\t\t\t\t\t\t<div class=\"elementor-background-overlay\"><\/div>\n\t\t\t\t\t\t\t<div class=\"elementor-container elementor-column-gap-default\">\n\t\t\t\t\t<div class=\"elementor-column elementor-col-50 elementor-top-column elementor-element elementor-element-7102ac8\" data-id=\"7102ac8\" data-element_type=\"column\">\n\t\t\t<div class=\"elementor-widget-wrap elementor-element-populated\">\n\t\t\t\t\t\t<div class=\"elementor-element elementor-element-9803a10 elementor-widget elementor-widget-text-editor\" data-id=\"9803a10\" data-element_type=\"widget\" data-widget_type=\"text-editor.default\">\n\t\t\t\t<div class=\"elementor-widget-container\">\n\t\t\t\t\t\t\t\t\tGaudeix del fons mar\u00ed amb\nBlaumar: <a href=\"tel:937904522\" style=\"color:#39c2ff;\">93 790 45 22<\/a>\t\t\t\t\t\t\t\t<\/div>\n\t\t\t\t<\/div>\n\t\t\t\t\t<\/div>\n\t\t<\/div>\n\t\t\t\t<div class=\"elementor-column elementor-col-50 elementor-top-column elementor-element elementor-element-eca1540\" data-id=\"eca1540\" data-element_type=\"column\">\n\t\t\t<div class=\"elementor-widget-wrap elementor-element-populated\">\n\t\t\t\t\t\t<div class=\"elementor-element elementor-element-262668a elementor-align-right elementor-mobile-align-center elementor-widget elementor-widget-raven-button\" data-id=\"262668a\" data-element_type=\"widget\" data-settings=\"{&quot;turn_to_popup_action_button&quot;:&quot;no&quot;}\" data-widget_type=\"raven-button.default\">\n\t\t\t\t<div class=\"elementor-widget-container\">\n\t\t\t\t\t\t\t<div class=\"raven-widget-wrapper\">\n\t\t\t<a class=\"raven-button raven-button-widget-normal-effect-none  raven-button-text-align-center raven-button-link elementor-animation-none\" href=\"https:\/\/blaumar.cat\/ca\/contacte\/\">\t\t\t\t<div class=\"raven-button-overlay\" ><\/div>\n\t\t\t\t<span class=\"raven-button-content\">\n\t\t\t\t\t\n\t\t\t\t\t<div class=\"button-text-container\">\n\t\t\t\t\t\t\t\t\t\t\t\t<div class=\"raven-button-texts-wrapper\">\n\t\t\t\t\t\t\t<div class=\"button-text\">\n\t\t\t\t\t\t\t\t<span class=\"raven-button-text\">\n\t\t\t\t\t\t\t\t\tContactar\t\t\t\t\t\t\t\t<\/span>\n\t\t\t\t\t\t\t<\/div>\n\t\t\t\t\t\t\t\t\t\t\t\t\t<\/div>\n\t\t\t\t\t\t\t\t\t\t\t<\/div>\n\t\t\t\t\t\n\t\t\t\t\t\t\t\t\t<\/span>\n\t\t\t<\/a>\t\t<\/div>\n\t\t\t\t\t\t<\/div>\n\t\t\t\t<\/div>\n\t\t\t\t\t<\/div>\n\t\t<\/div>\n\t\t\t\t\t<\/div>\n\t\t<\/section>\n\t\t\t\t<\/div>\n\t\t","protected":false},"excerpt":{"rendered":"<p>Pol\u00edtica de privacitat A trav\u00e9s de la presente pol\u00edtica de privacidad BLAUMAR BIVALVIA, S. L. desea informar a todas las personas que naveguen y accedan al sitio web www.blaumar.cat sobre los tratamientos de datos personales realizados.De conformidad con el Reglamento (UE) 2016\/679, de 27 de abril de 2016, relativo a la protecci\u00f3n de las personas [&hellip;]<\/p>\n","protected":false},"author":1,"featured_media":0,"parent":0,"menu_order":0,"comment_status":"closed","ping_status":"closed","template":"elementor_header_footer","meta":{"footnotes":""},"class_list":["post-992","page","type-page","status-publish","hentry"],"_links":{"self":[{"href":"https:\/\/blaumar.cat\/ca\/wp-json\/wp\/v2\/pages\/992","targetHints":{"allow":["GET"]}}],"collection":[{"href":"https:\/\/blaumar.cat\/ca\/wp-json\/wp\/v2\/pages"}],"about":[{"href":"https:\/\/blaumar.cat\/ca\/wp-json\/wp\/v2\/types\/page"}],"author":[{"embeddable":true,"href":"https:\/\/blaumar.cat\/ca\/wp-json\/wp\/v2\/users\/1"}],"replies":[{"embeddable":true,"href":"https:\/\/blaumar.cat\/ca\/wp-json\/wp\/v2\/comments?post=992"}],"version-history":[{"count":3,"href":"https:\/\/blaumar.cat\/ca\/wp-json\/wp\/v2\/pages\/992\/revisions"}],"predecessor-version":[{"id":1111,"href":"https:\/\/blaumar.cat\/ca\/wp-json\/wp\/v2\/pages\/992\/revisions\/1111"}],"wp:attachment":[{"href":"https:\/\/blaumar.cat\/ca\/wp-json\/wp\/v2\/media?parent=992"}],"curies":[{"name":"wp","href":"https:\/\/api.w.org\/{rel}","templated":true}]}}