{"id":995,"date":"2023-03-23T13:34:31","date_gmt":"2023-03-23T13:34:31","guid":{"rendered":"https:\/\/blaumar.cat\/activitats-pedagogiques\/"},"modified":"2026-01-11T17:45:18","modified_gmt":"2026-01-11T16:45:18","slug":"activitats-pedagogiques","status":"publish","type":"page","link":"https:\/\/blaumar.cat\/ca\/activitats-pedagogiques\/","title":{"rendered":"Activitats Pedag\u00f2giques"},"content":{"rendered":"\t\t<div data-elementor-type=\"wp-page\" data-elementor-id=\"995\" class=\"elementor elementor-995 elementor-591\">\n\t\t\t\t\t\t<section class=\"elementor-section elementor-top-section elementor-element elementor-element-b3cdca0 elementor-section-height-min-height elementor-section-items-stretch elementor-section-boxed elementor-section-height-default\" data-id=\"b3cdca0\" data-element_type=\"section\" data-settings=\"{&quot;background_background&quot;:&quot;classic&quot;}\">\n\t\t\t\t\t\t\t<div class=\"elementor-background-overlay\"><\/div>\n\t\t\t\t\t\t\t<div class=\"elementor-container elementor-column-gap-default\">\n\t\t\t\t\t<div class=\"elementor-column elementor-col-100 elementor-top-column elementor-element elementor-element-cd30762\" data-id=\"cd30762\" data-element_type=\"column\">\n\t\t\t<div class=\"elementor-widget-wrap elementor-element-populated\">\n\t\t\t\t\t\t<div class=\"elementor-element elementor-element-123ad0d elementor-align-center elementor-mobile-align-center elementor-widget elementor-widget-raven-heading\" data-id=\"123ad0d\" data-element_type=\"widget\" data-widget_type=\"raven-heading.default\">\n\t\t\t\t<div class=\"elementor-widget-container\">\n\t\t\t\t\t\t\t<div class=\"raven-widget-wrapper\"><h1 class=\"raven-heading raven-heading-h1\"><span class=\"raven-heading-title \">Activitats Pedag\u00f2giques<\/span><\/h1><\/div>\n\t\t\t\t\t\t<\/div>\n\t\t\t\t<\/div>\n\t\t\t\t\t<\/div>\n\t\t<\/div>\n\t\t\t\t\t<\/div>\n\t\t<\/section>\n\t\t\t\t<section class=\"elementor-section elementor-top-section elementor-element elementor-element-66226d5 elementor-section-boxed elementor-section-height-default elementor-section-height-default\" data-id=\"66226d5\" data-element_type=\"section\">\n\t\t\t\t\t\t<div class=\"elementor-container elementor-column-gap-default\">\n\t\t\t\t\t<div class=\"elementor-column elementor-col-50 elementor-top-column elementor-element elementor-element-306dca4\" data-id=\"306dca4\" data-element_type=\"column\">\n\t\t\t<div class=\"elementor-widget-wrap elementor-element-populated\">\n\t\t\t\t\t\t<div class=\"elementor-element elementor-element-4950ac4 elementor-invisible elementor-widget elementor-widget-raven-image\" data-id=\"4950ac4\" data-element_type=\"widget\" data-settings=\"{&quot;_animation&quot;:&quot;rotateInUpRight&quot;}\" data-widget_type=\"raven-image.default\">\n\t\t\t\t<div class=\"elementor-widget-container\">\n\t\t\t\t\t\t\t<div class=\"raven-image\">\n\t\t\n\t\t\n\t\t<img fetchpriority=\"high\" decoding=\"async\" width=\"872\" height=\"656\" src=\"https:\/\/blaumar.cat\/wp-content\/uploads\/2023\/03\/activitat_2.jpg\" class=\"attachment-full size-full wp-image-769\" alt=\"playa de mataro\" srcset=\"https:\/\/blaumar.cat\/wp-content\/uploads\/2023\/03\/activitat_2.jpg 872w, https:\/\/blaumar.cat\/wp-content\/uploads\/2023\/03\/activitat_2-600x451.jpg 600w, https:\/\/blaumar.cat\/wp-content\/uploads\/2023\/03\/activitat_2-300x226.jpg 300w, https:\/\/blaumar.cat\/wp-content\/uploads\/2023\/03\/activitat_2-768x578.jpg 768w\" sizes=\"(max-width: 872px) 100vw, 872px\" \/>\t\t<\/div>\n\t\t\t\t\t\t<\/div>\n\t\t\t\t<\/div>\n\t\t\t\t\t<\/div>\n\t\t<\/div>\n\t\t\t\t<div class=\"elementor-column elementor-col-50 elementor-top-column elementor-element elementor-element-5e667e3\" data-id=\"5e667e3\" data-element_type=\"column\">\n\t\t\t<div class=\"elementor-widget-wrap elementor-element-populated\">\n\t\t\t\t\t\t<div class=\"elementor-element elementor-element-606c5ca elementor-mobile-align-left elementor-align-left elementor-widget elementor-widget-raven-heading\" data-id=\"606c5ca\" data-element_type=\"widget\" data-widget_type=\"raven-heading.default\">\n\t\t\t\t<div class=\"elementor-widget-container\">\n\t\t\t\t\t\t\t<div class=\"raven-widget-wrapper\"><h2 class=\"raven-heading raven-heading-h2\"><span class=\"raven-heading-title \">Oferim diferents tipus d'Activitats pedag\u00f2giques a la platja i sortida amb barca i activitats per a alumnes<\/span><\/h2><\/div>\n\t\t\t\t\t\t<\/div>\n\t\t\t\t<\/div>\n\t\t\t\t<div class=\"elementor-element elementor-element-bcfb19d elementor-widget elementor-widget-text-editor\" data-id=\"bcfb19d\" data-element_type=\"widget\" data-widget_type=\"text-editor.default\">\n\t\t\t\t<div class=\"elementor-widget-container\">\n\t\t\t\t\t\t\t\t\t<p>A Blaumar realitzem activitats pedag\u00f2giques per fomentar la passi\u00f3 per la costa, el mar i el fons mar\u00ed als m\u00e9s petits. Disposem d\u00b4un ampli cat\u00e0leg d\u00b4activitats pedag\u00f2giques que inclouen activitats a la platja i sortides amb barca per als alumnes dels centres educatius. Realitzem activitats tant a la platja com combinades amb sortides amb barca per a alumnes d&#8217;educaci\u00f3 infantil, educaci\u00f3 prim\u00e0ria i educaci\u00f3 secund\u00e0ria.<\/p><p>Els nostres itineraris tenen com a principal objectiu donar a con\u00e8ixer l&#8217;ecosistema, la fauna i flora del litoral i costa de Matar\u00f3, i voltants.<\/p><div class=\"programas\"><h3>Educaci\u00f3 Infantil &#8211; &#8220;Viatge al Fons de la Mar&#8221;<\/h3><p>Els m\u00e9s petits descobreixen el m\u00f3n mar\u00ed amb tallers com el toca-toca<br>d&#8217;animals marins, manualitats amb petxines, contes al costat de la mar i un<br>passeig amb barca pel litoral. <strong>Durada: 3 hores.<\/strong><\/p><h3>Educaci\u00f3 Prim\u00e0ria &#8211; &#8220;Els nostres Ambients Submarins&#8221;<\/h3><p>Tallers sobre peixos mediterranis, visita al port amb sortida amb barca<br>i observaci\u00f3 de vida microsc\u00f2pica. Adaptat segons cicle educatiu. <br><strong>Durada: 3 hores.<\/strong><\/p><h3>Educaci\u00f3 Prim\u00e0ria &#8211; &#8220;Descobrim el Mitj\u00e0: La Platja&#8221;<\/h3><p>Activitats a la platja de Matar\u00f3 per a estudiar la seva formaci\u00f3, caracter\u00edstiques<br>i problem\u00e0tiques ambientals, complementat amb visita al port i sortida amb barca.<br><strong>Durada: 3 hores.<\/strong><\/p><h3>Educaci\u00f3 Secund\u00e0ria &#8211; &#8220;Els nostres Ambients Litorals&#8221;<\/h3><p>Estudi de l&#8217;anatomia de peixos mediterranis, observaci\u00f3 d&#8217;organismes<br>planct\u00f2nics amb microscopis i estudi de mol\u00b7luscos. Inclou sortida amb barca. <br><strong>Durada: 3 hores.<\/strong><\/p><h3>Educaci\u00f3 Secund\u00e0ria &#8211; &#8220;Descobrim el Mitj\u00e0: La Platja&#8221;<\/h3><p>Programa amb enfocament cient\u00edfic que inclou enquesta ambiental basada en<br>el programa europeu &#8220;Costawatch&#8221;, an\u00e0lisi de formaci\u00f3 de platges i sortida<br>amb barca des del port. <strong>Durada: 3 hores.<\/strong><\/p><\/div><div class=\"descargas\"><h3>Informaci\u00f3 Detallada<\/h3><p>Per a con\u00e8ixer el contingut complet de cada programa, tallers inclosos<br>i detalls espec\u00edfics:<\/p><\/div>\t\t\t\t\t\t\t\t<\/div>\n\t\t\t\t<\/div>\n\t\t\t\t<div class=\"elementor-element elementor-element-85a62da elementor-position-left elementor-view-default elementor-mobile-position-top elementor-vertical-align-top elementor-widget elementor-widget-icon-box\" data-id=\"85a62da\" data-element_type=\"widget\" data-widget_type=\"icon-box.default\">\n\t\t\t\t<div class=\"elementor-widget-container\">\n\t\t\t\t\t\t\t<div class=\"elementor-icon-box-wrapper\">\n\n\t\t\t\t\t\t<div class=\"elementor-icon-box-icon\">\n\t\t\t\t<a href=\"https:\/\/blaumar.cat\/wp-content\/uploads\/2023\/03\/2012Resumpedagogiquesplatjaibarca.pdf\" class=\"elementor-icon\" tabindex=\"-1\" aria-label=\"Llistat d&#039;activitats\">\n\t\t\t\t<i aria-hidden=\"true\" class=\"far fa-file-pdf\"><\/i>\t\t\t\t<\/a>\n\t\t\t<\/div>\n\t\t\t\n\t\t\t\t\t\t<div class=\"elementor-icon-box-content\">\n\n\t\t\t\t\t\t\t\t\t<h6 class=\"elementor-icon-box-title\">\n\t\t\t\t\t\t<a href=\"https:\/\/blaumar.cat\/wp-content\/uploads\/2023\/03\/2012Resumpedagogiquesplatjaibarca.pdf\" >\n\t\t\t\t\t\t\tLlistat d'activitats\t\t\t\t\t\t<\/a>\n\t\t\t\t\t<\/h6>\n\t\t\t\t\n\t\t\t\t\n\t\t\t<\/div>\n\t\t\t\n\t\t<\/div>\n\t\t\t\t\t\t<\/div>\n\t\t\t\t<\/div>\n\t\t\t\t\t<\/div>\n\t\t<\/div>\n\t\t\t\t\t<\/div>\n\t\t<\/section>\n\t\t\t\t<section class=\"elementor-section elementor-top-section elementor-element elementor-element-1df3f94 elementor-section-boxed elementor-section-height-default elementor-section-height-default\" data-id=\"1df3f94\" data-element_type=\"section\">\n\t\t\t\t\t\t<div class=\"elementor-container elementor-column-gap-default\">\n\t\t\t\t\t<div class=\"elementor-column elementor-col-50 elementor-top-column elementor-element elementor-element-57d1a47\" data-id=\"57d1a47\" data-element_type=\"column\">\n\t\t\t<div class=\"elementor-widget-wrap elementor-element-populated\">\n\t\t\t\t\t\t<div class=\"elementor-element elementor-element-3799883 elementor-align-left elementor-widget elementor-widget-raven-heading\" data-id=\"3799883\" data-element_type=\"widget\" data-widget_type=\"raven-heading.default\">\n\t\t\t\t<div class=\"elementor-widget-container\">\n\t\t\t\t\t\t\t<div class=\"raven-widget-wrapper\"><h2 class=\"raven-heading raven-heading-h2\"><span class=\"raven-heading-title \">Activitats pedag\u00f2giques amb barca<\/span><\/h2><\/div>\n\t\t\t\t\t\t<\/div>\n\t\t\t\t<\/div>\n\t\t\t\t<div class=\"elementor-element elementor-element-4d5fd25 elementor-widget elementor-widget-text-editor\" data-id=\"4d5fd25\" data-element_type=\"widget\" data-widget_type=\"text-editor.default\">\n\t\t\t\t<div class=\"elementor-widget-container\">\n\t\t\t\t\t\t\t\t\t<div>\n\nA Blaumar realitzem activitats pedag\u00f2giques per fomentar la passi\u00f3 pel mar als m\u00e9s petits. Disposem d\u00b4un ampli cat\u00e0leg d\u00b4activitats pedag\u00f2giques per als alumnes dels centres educatius. Realitzem activitats per a alumnes d&#8217;educaci\u00f3 infantil, educaci\u00f3 prim\u00e0ria i educaci\u00f3 secund\u00e0ria.\n\n<\/div>\n<div>Els nostres itineraris tenen com a principal objectiu donar a con\u00e8ixer el litoral i la costa de Matar\u00f3 i rodalies.<\/div>\n<div><\/div>\n\n<div class=\"programas-barca\">\n\n<h3>Educaci\u00f3 Infantil &#8211; &#8220;El nostre Entorn&#8221;<\/h3>\n<p>Sortida amb barca per a descobrir el port de Matar\u00f3 navegant per les seves aig\u00fces\ni observant la morfologia de la costa des de la mar. Els alumnes identifiquen\nedificis singulars i caracter\u00edstiques del litoral. <strong>Durada: 30 min\na 1 hora.<\/strong> <\/p>\n\n<h3>Educaci\u00f3 Prim\u00e0ria &#8211; &#8220;El nostre Entorn&#8221;<\/h3>\n<p>Navegaci\u00f3 pel port de Matar\u00f3 per a con\u00e8ixer les seves diferents zones (pesca,\noci, serveis) i recorregut per la costa identificant parts d&#8217;una embarcaci\u00f3\ni caracter\u00edstiques geogr\u00e0fiques del litoral. <strong>Durada: 30 min a 1h 30min.<\/strong><\/p>\n\n<h3>Educaci\u00f3 Prim\u00e0ria &#8211; &#8220;Descobrim el Mitj\u00e0: Ambients Submarins&#8221;<\/h3>\n<p>Sortida amb barca a la zona del Berruguell per a recollir pl\u00e0ncton amb xarxes\nespecials. Els alumnes porten les mostres al col\u00b7legi per a la seva posterior\nobservaci\u00f3 amb microscopis. <strong>Durada: 1 hora.<\/strong> <\/p>\n\n<h3>Educaci\u00f3 Secund\u00e0ria &#8211; &#8220;Els nostres Ambients Litorals&#8221;<\/h3>\n<p>Navegaci\u00f3 completa que combina visita al port amb recorregut pel litoral\ndes de la riera d&#8217;Argentona fins a Punta Morrell, observant impactes ambientals,\npunts de refer\u00e8ncia de pescadors i arquitectura costanera. <strong>Durada:\n2 a 2h 30min.<\/strong><\/p>\n\n<h3>Educaci\u00f3 Secund\u00e0ria &#8211; &#8220;Descobrim el Mitj\u00e0: Ambients Submarins&#8221;<\/h3>\n<p>Sortida amb barca per a recollir fitopl\u00e0ncton i zoopl\u00e0ncton amb xarxes cient\u00edfiques.\nLes mostres s&#8217;emporten al col\u00b7legi per a an\u00e0lisi amb microscopis i estudi d&#8217;organismes\n planct\u00f2nics. <strong>Durada: 1 hora.<\/strong><\/p>\n\n<\/div>\n<div>Consulteu tota la nostra programaci\u00f3 d&#8217;activitats.<\/div>\t\t\t\t\t\t\t\t<\/div>\n\t\t\t\t<\/div>\n\t\t\t\t<div class=\"elementor-element elementor-element-7084903 elementor-position-left elementor-view-default elementor-mobile-position-top elementor-vertical-align-top elementor-widget elementor-widget-icon-box\" data-id=\"7084903\" data-element_type=\"widget\" data-widget_type=\"icon-box.default\">\n\t\t\t\t<div class=\"elementor-widget-container\">\n\t\t\t\t\t\t\t<div class=\"elementor-icon-box-wrapper\">\n\n\t\t\t\t\t\t<div class=\"elementor-icon-box-icon\">\n\t\t\t\t<a href=\"https:\/\/blaumar.cat\/wp-content\/uploads\/2023\/03\/2012Resumpedagogiquesambbarca.pdf\" class=\"elementor-icon\" tabindex=\"-1\" aria-label=\"Llistat d&#039;activitats\">\n\t\t\t\t<i aria-hidden=\"true\" class=\"far fa-file-pdf\"><\/i>\t\t\t\t<\/a>\n\t\t\t<\/div>\n\t\t\t\n\t\t\t\t\t\t<div class=\"elementor-icon-box-content\">\n\n\t\t\t\t\t\t\t\t\t<h6 class=\"elementor-icon-box-title\">\n\t\t\t\t\t\t<a href=\"https:\/\/blaumar.cat\/wp-content\/uploads\/2023\/03\/2012Resumpedagogiquesambbarca.pdf\" >\n\t\t\t\t\t\t\tLlistat d'activitats\t\t\t\t\t\t<\/a>\n\t\t\t\t\t<\/h6>\n\t\t\t\t\n\t\t\t\t\n\t\t\t<\/div>\n\t\t\t\n\t\t<\/div>\n\t\t\t\t\t\t<\/div>\n\t\t\t\t<\/div>\n\t\t\t\t\t<\/div>\n\t\t<\/div>\n\t\t\t\t<div class=\"elementor-column elementor-col-50 elementor-top-column elementor-element elementor-element-16330d5\" data-id=\"16330d5\" data-element_type=\"column\">\n\t\t\t<div class=\"elementor-widget-wrap elementor-element-populated\">\n\t\t\t\t\t\t<div class=\"elementor-element elementor-element-7912d8e elementor-invisible elementor-widget elementor-widget-raven-image\" data-id=\"7912d8e\" data-element_type=\"widget\" data-settings=\"{&quot;_animation&quot;:&quot;rotateInUpLeft&quot;}\" data-widget_type=\"raven-image.default\">\n\t\t\t\t<div class=\"elementor-widget-container\">\n\t\t\t\t\t\t\t<div class=\"raven-image\">\n\t\t\n\t\t\n\t\t<img decoding=\"async\" width=\"872\" height=\"656\" src=\"https:\/\/blaumar.cat\/wp-content\/uploads\/2023\/03\/activitat_1-1.jpg\" class=\"attachment-full size-full wp-image-766\" alt=\"submarinistas en un barco para saltar\" srcset=\"https:\/\/blaumar.cat\/wp-content\/uploads\/2023\/03\/activitat_1-1.jpg 872w, https:\/\/blaumar.cat\/wp-content\/uploads\/2023\/03\/activitat_1-1-600x451.jpg 600w, https:\/\/blaumar.cat\/wp-content\/uploads\/2023\/03\/activitat_1-1-300x226.jpg 300w, https:\/\/blaumar.cat\/wp-content\/uploads\/2023\/03\/activitat_1-1-768x578.jpg 768w\" sizes=\"(max-width: 872px) 100vw, 872px\" \/>\t\t<\/div>\n\t\t\t\t\t\t<\/div>\n\t\t\t\t<\/div>\n\t\t\t\t\t<\/div>\n\t\t<\/div>\n\t\t\t\t\t<\/div>\n\t\t<\/section>\n\t\t\t\t<\/div>\n\t\t","protected":false},"excerpt":{"rendered":"<p>Oferim diferents tipus d&#8217;Activitats pedag\u00f2giques a la platja i sortida amb barca i activitats per a alumnes A Blaumar realitzem activitats pedag\u00f2giques per fomentar la passi\u00f3 per la costa, el mar i el fons mar\u00ed als m\u00e9s petits. Disposem d\u00b4un ampli cat\u00e0leg d\u00b4activitats pedag\u00f2giques que inclouen activitats a la platja i sortides amb barca per [&hellip;]<\/p>\n","protected":false},"author":1,"featured_media":0,"parent":0,"menu_order":0,"comment_status":"closed","ping_status":"closed","template":"elementor_header_footer","meta":{"footnotes":""},"class_list":["post-995","page","type-page","status-publish","hentry"],"_links":{"self":[{"href":"https:\/\/blaumar.cat\/ca\/wp-json\/wp\/v2\/pages\/995","targetHints":{"allow":["GET"]}}],"collection":[{"href":"https:\/\/blaumar.cat\/ca\/wp-json\/wp\/v2\/pages"}],"about":[{"href":"https:\/\/blaumar.cat\/ca\/wp-json\/wp\/v2\/types\/page"}],"author":[{"embeddable":true,"href":"https:\/\/blaumar.cat\/ca\/wp-json\/wp\/v2\/users\/1"}],"replies":[{"embeddable":true,"href":"https:\/\/blaumar.cat\/ca\/wp-json\/wp\/v2\/comments?post=995"}],"version-history":[{"count":7,"href":"https:\/\/blaumar.cat\/ca\/wp-json\/wp\/v2\/pages\/995\/revisions"}],"predecessor-version":[{"id":3065,"href":"https:\/\/blaumar.cat\/ca\/wp-json\/wp\/v2\/pages\/995\/revisions\/3065"}],"wp:attachment":[{"href":"https:\/\/blaumar.cat\/ca\/wp-json\/wp\/v2\/media?parent=995"}],"curies":[{"name":"wp","href":"https:\/\/api.w.org\/{rel}","templated":true}]}}