{"id":1953,"date":"2023-03-23T12:01:54","date_gmt":"2023-03-23T12:01:54","guid":{"rendered":"https:\/\/blaumar.cat\/legal-warning\/"},"modified":"2024-03-14T07:12:45","modified_gmt":"2024-03-14T07:12:45","slug":"legal-warning","status":"publish","type":"page","link":"https:\/\/blaumar.cat\/en\/legal-warning\/","title":{"rendered":"Legal warning"},"content":{"rendered":"\t\t<div data-elementor-type=\"wp-page\" data-elementor-id=\"1953\" class=\"elementor elementor-1953 elementor-567\">\n\t\t\t\t\t\t<section class=\"elementor-section elementor-top-section elementor-element elementor-element-e8e4baa elementor-section-height-min-height elementor-section-items-stretch elementor-section-boxed elementor-section-height-default\" data-id=\"e8e4baa\" data-element_type=\"section\" data-settings=\"{&quot;background_background&quot;:&quot;classic&quot;}\">\n\t\t\t\t\t\t\t<div class=\"elementor-background-overlay\"><\/div>\n\t\t\t\t\t\t\t<div class=\"elementor-container elementor-column-gap-default\">\n\t\t\t\t\t<div class=\"elementor-column elementor-col-100 elementor-top-column elementor-element elementor-element-ed8195b\" data-id=\"ed8195b\" data-element_type=\"column\">\n\t\t\t<div class=\"elementor-widget-wrap elementor-element-populated\">\n\t\t\t\t\t\t<div class=\"elementor-element elementor-element-ff5627f elementor-align-center elementor-mobile-align-center elementor-widget elementor-widget-raven-heading\" data-id=\"ff5627f\" data-element_type=\"widget\" data-widget_type=\"raven-heading.default\">\n\t\t\t\t<div class=\"elementor-widget-container\">\n\t\t\t\t\t\t\t<div class=\"raven-widget-wrapper\"><h1 class=\"raven-heading raven-heading-h1\"><span class=\"raven-heading-title \">Legal warning<\/span><\/h1><\/div>\n\t\t\t\t\t\t<\/div>\n\t\t\t\t<\/div>\n\t\t\t\t\t<\/div>\n\t\t<\/div>\n\t\t\t\t\t<\/div>\n\t\t<\/section>\n\t\t\t\t<section class=\"elementor-section elementor-top-section elementor-element elementor-element-15e27f8 elementor-section-boxed elementor-section-height-default elementor-section-height-default\" data-id=\"15e27f8\" data-element_type=\"section\">\n\t\t\t\t\t\t<div class=\"elementor-container elementor-column-gap-default\">\n\t\t\t\t\t<div class=\"elementor-column elementor-col-100 elementor-top-column elementor-element elementor-element-86eb39c\" data-id=\"86eb39c\" data-element_type=\"column\">\n\t\t\t<div class=\"elementor-widget-wrap elementor-element-populated\">\n\t\t\t\t\t\t<div class=\"elementor-element elementor-element-2b5783d elementor-widget elementor-widget-text-editor\" data-id=\"2b5783d\" data-element_type=\"widget\" data-widget_type=\"text-editor.default\">\n\t\t\t\t<div class=\"elementor-widget-container\">\n\t\t\t\t\t\t\t\t\t<p>En cumplimiento de la Ley 34\/2002, de 11 de julio, de Servicios de la Sociedad de la Informaci\u00f3n y de Comercio electr\u00f3nico, se informa al Usuario que el titular de la p\u00e1gina web www.blaumar.cat es de la sociedad BLAUMAR BIVALVIA, S.L., y sus datos de identificaci\u00f3n son las siguientes:<br \/>Domicilio social: Port Matar\u00f3, m\u00f2dul B2 08301 Matar\u00f3 (Barcelona)<br \/>NIF: B60764677<br \/>Datos del registro: la sociedad est\u00e1 inscrita en el Registro Mercantil de Barcelona,en el Tomo 99, folio 99 y hoja n\u00famero 99.<\/p>\n<p>1. Acceder a la p\u00e1gina web<br \/>El aviso Legal regula el acceso y uso de los Usuarios a la p\u00e1gina web y tiene por objeto dar a conocer los servicios de la entidad y permitir el acceso general de todos los usuarios de Internet.<br \/>El acceso y\/o uso de la Web atribuye a quien lo realiza la condici\u00f3n de Usuario y la aceptaci\u00f3n, sin reservas de ninguna clase, de todas y cada una de las presentes condiciones generales, as\u00ed como de aquellas otras particulares que, si procede, rijan la utilizaci\u00f3n del Portal o de los servicios vinculados al mismo.<br \/>El usuario tiene que leer atentamente el Aviso Legal y las Pol\u00edticas de Privacidad y de Cookies cuando se proponga utilizar la P\u00e1gina Web, puesto que BLAUMAR BIVALVIA, S.L. se reserva la facultad de realizar, en cualquier momento y sin necesidad de ning\u00fan preaviso, cualquier modificaci\u00f3n o actualizaci\u00f3n de los contenidos y servicios, de las presentes disposiciones de acceso y uso y, en general, de cu\u00e1ntos elementos integren el dise\u00f1o y configuraci\u00f3n de su Web. Si no acepta las condiciones de acceso y uso, le rogamos se abstenga de utilizar el Web y su contenido.<\/p>\n<p>2. Utilizaci\u00f3n de la p\u00e1gina web<br \/>El Usuario se compromete a hacer un uso diligente de la P\u00e1gina Web, as\u00ed como de la informaci\u00f3n relativa a sus servicios, con total sujeci\u00f3n tanto a la normativa aplicable, as\u00ed como con la moral y las buenas costumbres generalmente aceptadas y el orden p\u00fablico, las condiciones de acceso y uso y cualesquiera otras condiciones establecidas a la P\u00e1gina Web. Adem\u00e1s, se compromete a abstenerse de utilizar cualquier de los contenidos con finalidades o efectos il\u00edcitos, prohibidos en el presente texto, lesivos de los derechos e intereses de terceros, o que de cualquier forma puedan da\u00f1ar, inutilizar, sobrecargar, deteriorar o impedir la normal utilizaci\u00f3n de los contenidos, otros Usuarios o de cualquier usuario de Internet (hardware y software).<\/p>\n<p>3. Uso de la p\u00e1gina web<br \/>En caso de incumplimiento de las condiciones del Aviso Legal, o las Pol\u00edticas de Privacidad y Cookies, BLAUMAR BIVALVIA, S.L.se reserva el derecho a limitar, suspender y\/o excluir el acceso en su P\u00e1gina Web, adoptando cualquier medida t\u00e9cnica necesaria a su respeto. BLAUMAR BIVALVIA, S.L. har\u00e1 lo posible para mantener la p\u00e1gina Web en buen funcionamiento, evitando errores, o bien repar\u00e1ndolos y manteniendo los contenidos actualizados Ahora bien, BLAUMAR BIVALVIA, S.L. no garantiza la disponibilidad y continuidad en el acceso en la P\u00e1gina Web ni de la inexistencia de errores en el contenido.<\/p>\n<p>4. Responsabilidad<br \/>El Usuario es el \u00fanico responsable del uso que se pueda hacer de cualquier informaci\u00f3n o mecanismo de la P\u00e1gina Web.<br \/>BLAUMAR BIVALVIA, S.L.no se har\u00e1 responsable de ning\u00fan da\u00f1o en el hardware y\/o software del Usuario que se derive del acceso y uso de la P\u00e1gina Web. As\u00ed mismo, tampoco se responsabilizar\u00e1 de estos da\u00f1os y\/o perjuicios que se puedan ocasionar por el acceso y\/o uso de la informaci\u00f3n de la P\u00e1gina Web, y en concreto de los que se puedan producir en sistemas inform\u00e1ticos o los provocados por virus \/o ataques inform\u00e1ticos, ca\u00eddas, interrupciones ausencia o defecto en las comunicaciones y\/o Internet.<br \/>El Usuario ser\u00e1 responsable de los da\u00f1os y\/o perjuicios que BLAUMAR BIVALVIA, S.L.pueda sufrir como consecuencia del incumplimiento de cualquier de los obligaciones a las que queda sometido a trav\u00e9s del presente Aviso Legal, la normativa aplicable y Pol\u00edtica de Privacidad y de Cookies.<\/p>\n<p>5. Pol\u00edtica en materia de \u201cLinks\u201d (Web enlazante y enlazada)<br \/>Web enlazante<br \/>Los terceros que tengan la intenci\u00f3n de incluir en una p\u00e1gina web un enlace de la presente p\u00e1gina web tendr\u00e1n que cumplir con la legislaci\u00f3n vigente y no podr\u00e1n alojar contenidos que sean inapropiados, il\u00edcitos, pornogr\u00e1ficos, violentos, etc.<br \/>En ning\u00fan caso BLAUMAR BIVALVIA, S.L.se hace responsable del contenido de la P\u00e1gina Web, ni promueve, garantiza, supervisa ni recomienda los contenidos de esta.<br \/>Si la Web enlazante incumple alguno de los aspectos anteriores estar\u00e1 obligado a suprimir el enlace de manera inmediata.<\/p>\n<p>Web enlazada<br \/>En esta P\u00e1gina Web se pueden incluir enlaces de p\u00e1ginas web de terceros que permitan al Usuario acceder. No obstante, BLAUMAR BIVALVIA, S.L. no se hace responsable del contenido de estas p\u00e1ginas web enlazadas, sino que ser\u00e1 el Usuario el encargado de aceptar y comprobar los accesos cada vez que acceda.<br \/>Tales enlaces o menciones tienen una finalidad que no implican el apoyo, la aprobaci\u00f3n, comercializaci\u00f3n o relaci\u00f3n alguna entre la p\u00e1gina y las personas o entidades titulares de los lugares donde se encuentren.<\/p>\n<p>6. Propiedad Intelectual e Industrial sobre los contenidos<br \/>BLAUMAR BIVALVIA, S.L.o sus licenciantes, son titulares de todos los derechos de propiedad intelectual sobre los Contenidos de la P\u00e1gina Web, entendiendo como tal todos los dise\u00f1os, bases de datos, programas de ordenadores subyacentes (c\u00f3digo fuente, incluido), as\u00ed como los diferentes elementos que integran la P\u00e1gina Web (textos, gr\u00e1ficos, fotograf\u00edas, v\u00eddeos, colores, etc.), estructura, orden, etc. En relaci\u00f3n a las marcas y nombres comerciales (\u201csignos distintivos\u201d) son titularidad de BLAUMAR BIVALVIA, S.L.o los licenciantes.<br \/>El uso de la P\u00e1gina Web por parte del Usuario no supone la cesi\u00f3n de ning\u00fan derecho de propiedad intelectual ni industrial. El Usuario tiene totalmente prohibido reproducir, copiar, distribuir, poner a disposici\u00f3n o de cualquier otra forma de comunicar p\u00fablicamente, transformar o modificar los Contenidos o los Signos distintivos, salvo que se cuente con la autorizaci\u00f3n del titular de los correspondientes derechos o esto resulte legalmente permitido.<\/p>\n<p>7. Publicidad<br \/>En la p\u00e1gina Web podr\u00e1n alojarse contenidos publicitarios o patrocinados. Los anunciantes o patrocinadores son los \u00fanicos responsables de asegurarse que el material remitido para su inclusi\u00f3n en la Web cumple con las leyes que en cada caso puedan ser aplicables.<br \/>BLAUMAR BIVALVIA, S.L.no ser\u00e1 responsable de ning\u00fan error, inexactitud o irregularidad que puedan contener los contenidos publicitarios o de los patrocinadores.<\/p>\n<p>8. Legislaci\u00f3n aplicable<br \/>El Aviso Legal se regir\u00e1 e interpretar\u00e1 en conformidad con la legislaci\u00f3n espa\u00f1ola.<br \/>Para la resoluci\u00f3n de cualquier conflicto que pudiera derivarse del acceso al sitio web, se someter\u00e1n a los juzgados o tribunales pertinentes de conformidad con la normativa de consumidores y usuarios.<\/p>\n<p>9. Contacto<br \/>Para cualquier pregunta o comentario sobre el presente aviso legal os pod\u00e9is poner en contacto con nosotros a trav\u00e9s del tel\u00e9fono 937904522<\/p>\n\t\t\t\t\t\t\t\t<\/div>\n\t\t\t\t<\/div>\n\t\t\t\t\t<\/div>\n\t\t<\/div>\n\t\t\t\t\t<\/div>\n\t\t<\/section>\n\t\t\t\t<section class=\"elementor-section elementor-top-section elementor-element elementor-element-6c11f9b elementor-section-height-min-height elementor-section-boxed elementor-section-height-default elementor-section-items-middle\" data-id=\"6c11f9b\" data-element_type=\"section\" data-settings=\"{&quot;background_background&quot;:&quot;classic&quot;}\">\n\t\t\t\t\t\t\t<div class=\"elementor-background-overlay\"><\/div>\n\t\t\t\t\t\t\t<div class=\"elementor-container elementor-column-gap-default\">\n\t\t\t\t\t<div class=\"elementor-column elementor-col-50 elementor-top-column elementor-element elementor-element-7102ac8\" data-id=\"7102ac8\" data-element_type=\"column\">\n\t\t\t<div class=\"elementor-widget-wrap elementor-element-populated\">\n\t\t\t\t\t\t<div class=\"elementor-element elementor-element-9803a10 elementor-widget elementor-widget-text-editor\" data-id=\"9803a10\" data-element_type=\"widget\" data-widget_type=\"text-editor.default\">\n\t\t\t\t<div class=\"elementor-widget-container\">\n\t\t\t\t\t\t\t\t\tDisfruta del fondo marino con\nBlaumar: <a href=\"tel:937904522\" style=\"color:#39c2ff;\">93 790 45 22<\/a>\t\t\t\t\t\t\t\t<\/div>\n\t\t\t\t<\/div>\n\t\t\t\t\t<\/div>\n\t\t<\/div>\n\t\t\t\t<div class=\"elementor-column elementor-col-50 elementor-top-column elementor-element elementor-element-eca1540\" data-id=\"eca1540\" data-element_type=\"column\">\n\t\t\t<div class=\"elementor-widget-wrap elementor-element-populated\">\n\t\t\t\t\t\t<div class=\"elementor-element elementor-element-262668a elementor-align-right elementor-mobile-align-center elementor-widget elementor-widget-raven-button\" data-id=\"262668a\" data-element_type=\"widget\" data-settings=\"{&quot;turn_to_popup_action_button&quot;:&quot;no&quot;}\" data-widget_type=\"raven-button.default\">\n\t\t\t\t<div class=\"elementor-widget-container\">\n\t\t\t\t\t\t\t<div class=\"raven-widget-wrapper\">\n\t\t\t<a class=\"raven-button raven-button-widget-normal-effect-none  raven-button-text-align-center raven-button-link elementor-animation-none\" href=\"https:\/\/blaumar.cat\/contacto\/\">\t\t\t\t<div class=\"raven-button-overlay\" ><\/div>\n\t\t\t\t<span class=\"raven-button-content\">\n\t\t\t\t\t\n\t\t\t\t\t<div class=\"button-text-container\">\n\t\t\t\t\t\t\t\t\t\t\t\t<div class=\"raven-button-texts-wrapper\">\n\t\t\t\t\t\t\t<div class=\"button-text\">\n\t\t\t\t\t\t\t\t<span class=\"raven-button-text\">\n\t\t\t\t\t\t\t\t\tContactar\t\t\t\t\t\t\t\t<\/span>\n\t\t\t\t\t\t\t<\/div>\n\t\t\t\t\t\t\t\t\t\t\t\t\t<\/div>\n\t\t\t\t\t\t\t\t\t\t\t<\/div>\n\t\t\t\t\t\n\t\t\t\t\t\t\t\t\t<\/span>\n\t\t\t<\/a>\t\t<\/div>\n\t\t\t\t\t\t<\/div>\n\t\t\t\t<\/div>\n\t\t\t\t\t<\/div>\n\t\t<\/div>\n\t\t\t\t\t<\/div>\n\t\t<\/section>\n\t\t\t\t<\/div>\n\t\t","protected":false},"excerpt":{"rendered":"<p>Legal warning En cumplimiento de la Ley 34\/2002, de 11 de julio, de Servicios de la Sociedad de la Informaci\u00f3n y de Comercio electr\u00f3nico, se informa al Usuario que el titular de la p\u00e1gina web www.blaumar.cat es de la sociedad BLAUMAR BIVALVIA, S.L., y sus datos de identificaci\u00f3n son las siguientes:Domicilio social: Port Matar\u00f3, m\u00f2dul [&hellip;]<\/p>\n","protected":false},"author":1,"featured_media":0,"parent":0,"menu_order":0,"comment_status":"closed","ping_status":"closed","template":"elementor_header_footer","meta":{"footnotes":""},"class_list":["post-1953","page","type-page","status-publish","hentry"],"_links":{"self":[{"href":"https:\/\/blaumar.cat\/en\/wp-json\/wp\/v2\/pages\/1953","targetHints":{"allow":["GET"]}}],"collection":[{"href":"https:\/\/blaumar.cat\/en\/wp-json\/wp\/v2\/pages"}],"about":[{"href":"https:\/\/blaumar.cat\/en\/wp-json\/wp\/v2\/types\/page"}],"author":[{"embeddable":true,"href":"https:\/\/blaumar.cat\/en\/wp-json\/wp\/v2\/users\/1"}],"replies":[{"embeddable":true,"href":"https:\/\/blaumar.cat\/en\/wp-json\/wp\/v2\/comments?post=1953"}],"version-history":[{"count":3,"href":"https:\/\/blaumar.cat\/en\/wp-json\/wp\/v2\/pages\/1953\/revisions"}],"predecessor-version":[{"id":1956,"href":"https:\/\/blaumar.cat\/en\/wp-json\/wp\/v2\/pages\/1953\/revisions\/1956"}],"wp:attachment":[{"href":"https:\/\/blaumar.cat\/en\/wp-json\/wp\/v2\/media?parent=1953"}],"curies":[{"name":"wp","href":"https:\/\/api.w.org\/{rel}","templated":true}]}}