{"id":1990,"date":"2023-06-23T09:14:49","date_gmt":"2023-06-23T09:14:49","guid":{"rendered":"https:\/\/blaumar.cat\/packs\/"},"modified":"2024-03-14T08:01:49","modified_gmt":"2024-03-14T08:01:49","slug":"packs","status":"publish","type":"page","link":"https:\/\/blaumar.cat\/en\/packs\/","title":{"rendered":"Packs"},"content":{"rendered":"\t\t<div data-elementor-type=\"wp-page\" data-elementor-id=\"1990\" class=\"elementor elementor-1990 elementor-1329\">\n\t\t\t\t\t\t<section class=\"elementor-section elementor-top-section elementor-element elementor-element-b3cdca0 elementor-section-height-min-height elementor-section-items-stretch elementor-section-boxed elementor-section-height-default\" data-id=\"b3cdca0\" data-element_type=\"section\" data-settings=\"{&quot;background_background&quot;:&quot;classic&quot;}\">\n\t\t\t\t\t\t\t<div class=\"elementor-background-overlay\"><\/div>\n\t\t\t\t\t\t\t<div class=\"elementor-container elementor-column-gap-default\">\n\t\t\t\t\t<div class=\"elementor-column elementor-col-100 elementor-top-column elementor-element elementor-element-cd30762\" data-id=\"cd30762\" data-element_type=\"column\">\n\t\t\t<div class=\"elementor-widget-wrap elementor-element-populated\">\n\t\t\t\t\t\t<div class=\"elementor-element elementor-element-123ad0d elementor-align-center elementor-mobile-align-center elementor-widget elementor-widget-raven-heading\" data-id=\"123ad0d\" data-element_type=\"widget\" data-widget_type=\"raven-heading.default\">\n\t\t\t\t<div class=\"elementor-widget-container\">\n\t\t\t\t\t\t\t<div class=\"raven-widget-wrapper\"><h1 class=\"raven-heading raven-heading-h1\"><span class=\"raven-heading-title \">Packs<\/span><\/h1><\/div>\n\t\t\t\t\t\t<\/div>\n\t\t\t\t<\/div>\n\t\t\t\t\t<\/div>\n\t\t<\/div>\n\t\t\t\t\t<\/div>\n\t\t<\/section>\n\t\t\t\t<section class=\"elementor-section elementor-top-section elementor-element elementor-element-e81ff98 elementor-section-boxed elementor-section-height-default elementor-section-height-default\" data-id=\"e81ff98\" data-element_type=\"section\">\n\t\t\t\t\t\t<div class=\"elementor-container elementor-column-gap-default\">\n\t\t\t\t\t<div class=\"elementor-column elementor-col-100 elementor-top-column elementor-element elementor-element-ce79df4\" data-id=\"ce79df4\" data-element_type=\"column\">\n\t\t\t<div class=\"elementor-widget-wrap elementor-element-populated\">\n\t\t\t\t\t\t<div class=\"elementor-element elementor-element-c7f589b elementor-widget elementor-widget-raven-wc-products\" data-id=\"c7f589b\" data-element_type=\"widget\" data-settings=\"{&quot;show_all_products&quot;:&quot;yes&quot;,&quot;columns&quot;:&quot;4&quot;,&quot;query_orderby&quot;:&quot;title&quot;,&quot;query_order&quot;:&quot;DESC&quot;,&quot;query_offset&quot;:0,&quot;layout&quot;:&quot;default&quot;}\" data-widget_type=\"raven-wc-products.default\">\n\t\t\t\t<div class=\"elementor-widget-container\">\n\t\t\t\t\t\t\t<div\n\t\t\tclass=\"raven-wc-products-wrapper raven-wc-products-default\"\n\t\t\tdata-settings=\"{&quot;layout&quot;:&quot;default&quot;,&quot;total_pages&quot;:1,&quot;image_size&quot;:&quot;woocommerce_thumbnail&quot;,&quot;atc_button&quot;:&quot;&quot;}\"\n\t\t\tdata-query=\"{&quot;\\u0000*\\u0000type&quot;:&quot;products&quot;,&quot;\\u0000*\\u0000attributes&quot;:{&quot;limit&quot;:&quot;-1&quot;,&quot;columns&quot;:&quot;4&quot;,&quot;rows&quot;:null,&quot;orderby&quot;:&quot;title&quot;,&quot;order&quot;:&quot;DESC&quot;,&quot;ids&quot;:&quot;&quot;,&quot;skus&quot;:&quot;&quot;,&quot;category&quot;:&quot;&quot;,&quot;cat_operator&quot;:&quot;IN&quot;,&quot;attribute&quot;:&quot;&quot;,&quot;terms&quot;:&quot;&quot;,&quot;terms_operator&quot;:&quot;IN&quot;,&quot;tag&quot;:&quot;&quot;,&quot;tag_operator&quot;:&quot;IN&quot;,&quot;visibility&quot;:&quot;visible&quot;,&quot;class&quot;:&quot;&quot;,&quot;page&quot;:1,&quot;paginate&quot;:false,&quot;cache&quot;:true,&quot;brand&quot;:&quot;&quot;,&quot;brand_operator&quot;:&quot;IN&quot;},&quot;\\u0000*\\u0000query_args&quot;:{&quot;post_type&quot;:&quot;product&quot;,&quot;post_status&quot;:&quot;publish&quot;,&quot;ignore_sticky_posts&quot;:true,&quot;no_found_rows&quot;:true,&quot;orderby&quot;:&quot;title&quot;,&quot;order&quot;:&quot;DESC&quot;,&quot;posts_per_page&quot;:-1,&quot;meta_query&quot;:[],&quot;tax_query&quot;:[{&quot;taxonomy&quot;:&quot;product_visibility&quot;,&quot;field&quot;:&quot;term_taxonomy_id&quot;,&quot;terms&quot;:[27],&quot;operator&quot;:&quot;NOT IN&quot;}],&quot;lang&quot;:&quot;en&quot;,&quot;fields&quot;:&quot;ids&quot;},&quot;\\u0000*\\u0000custom_visibility&quot;:false,&quot;fallback_filter&quot;:null,&quot;context_id&quot;:&quot;ctx_0&quot;}\"\n\t\t\t\t\t>\n\t\t\t<h2 class=\"raven-wc-products-title\"><\/h2><div class=\"woocommerce columns-4 \"><ul class=\"products columns-4\">\n<li class=\"product type-product post-2002 status-publish first instock product_cat-diving-courses has-post-thumbnail virtual purchasable product-type-simple\">\n\t<a href=\"https:\/\/blaumar.cat\/en\/producto\/personalized-baptism-in-the-pool-minimum-4-people\/\" class=\"woocommerce-LoopProduct-link woocommerce-loop-product__link\"><\/a><a href=\"?add-to-cart=2002\" aria-describedby=\"woocommerce_loop_add_to_cart_link_describedby_2002\" data-quantity=\"1\" class=\"button product_type_simple add_to_cart_button ajax_add_to_cart\" data-product_id=\"2002\" data-product_sku=\"\" aria-label=\"Add to cart: &ldquo;Personalized baptism in the pool (Minimum 4 people)&rdquo;\" rel=\"nofollow\" data-success_message=\"&ldquo;Personalized baptism in the pool (Minimum 4 people)&rdquo; has been added to your cart\">Add to cart<\/a>\t<span id=\"woocommerce_loop_add_to_cart_link_describedby_2002\" class=\"screen-reader-text\">\n\t\t\t<\/span>\n<\/li>\n<li class=\"product type-product post-2023 status-publish instock product_cat-diving-courses has-post-thumbnail virtual purchasable product-type-simple\">\n\t<a href=\"https:\/\/blaumar.cat\/en\/producto\/personalized-baptism-at-sea\/\" class=\"woocommerce-LoopProduct-link woocommerce-loop-product__link\"><\/a><a href=\"?add-to-cart=2023\" aria-describedby=\"woocommerce_loop_add_to_cart_link_describedby_2023\" data-quantity=\"1\" class=\"button product_type_simple add_to_cart_button ajax_add_to_cart\" data-product_id=\"2023\" data-product_sku=\"\" aria-label=\"Add to cart: &ldquo;Personalized baptism at sea&rdquo;\" rel=\"nofollow\" data-success_message=\"&ldquo;Personalized baptism at sea&rdquo; has been added to your cart\">Add to cart<\/a>\t<span id=\"woocommerce_loop_add_to_cart_link_describedby_2023\" class=\"screen-reader-text\">\n\t\t\t<\/span>\n<\/li>\n<li class=\"product type-product post-2039 status-publish instock product_cat-diving-packs has-post-thumbnail virtual purchasable product-type-simple\">\n\t<a href=\"https:\/\/blaumar.cat\/en\/producto\/pack-of-6-boat-trips-and-air-bottle\/\" class=\"woocommerce-LoopProduct-link woocommerce-loop-product__link\"><\/a><a href=\"?add-to-cart=2039\" aria-describedby=\"woocommerce_loop_add_to_cart_link_describedby_2039\" data-quantity=\"1\" class=\"button product_type_simple add_to_cart_button ajax_add_to_cart\" data-product_id=\"2039\" data-product_sku=\"\" aria-label=\"Add to cart: &ldquo;Pack of 6 boat trips and air bottle&rdquo;\" rel=\"nofollow\" data-success_message=\"&ldquo;Pack of 6 boat trips and air bottle&rdquo; has been added to your cart\">Add to cart<\/a>\t<span id=\"woocommerce_loop_add_to_cart_link_describedby_2039\" class=\"screen-reader-text\">\n\t\t\t<\/span>\n<\/li>\n<li class=\"product type-product post-2036 status-publish last instock product_cat-diving-packs has-post-thumbnail virtual purchasable product-type-simple\">\n\t<a href=\"https:\/\/blaumar.cat\/en\/producto\/pack-of-12-boat-and-bottle-trips-with-nitrox\/\" class=\"woocommerce-LoopProduct-link woocommerce-loop-product__link\"><\/a><a href=\"?add-to-cart=2036\" aria-describedby=\"woocommerce_loop_add_to_cart_link_describedby_2036\" data-quantity=\"1\" class=\"button product_type_simple add_to_cart_button ajax_add_to_cart\" data-product_id=\"2036\" data-product_sku=\"\" aria-label=\"Add to cart: &ldquo;Pack of 12 boat and bottle trips with Nitrox&rdquo;\" rel=\"nofollow\" data-success_message=\"&ldquo;Pack of 12 boat and bottle trips with Nitrox&rdquo; has been added to your cart\">Add to cart<\/a>\t<span id=\"woocommerce_loop_add_to_cart_link_describedby_2036\" class=\"screen-reader-text\">\n\t\t\t<\/span>\n<\/li>\n<li class=\"product type-product post-2037 status-publish first instock product_cat-diving-packs has-post-thumbnail virtual purchasable product-type-simple\">\n\t<a href=\"https:\/\/blaumar.cat\/en\/producto\/pack-of-12-boat-and-bottle-trips-with-air\/\" class=\"woocommerce-LoopProduct-link woocommerce-loop-product__link\"><\/a><a href=\"?add-to-cart=2037\" aria-describedby=\"woocommerce_loop_add_to_cart_link_describedby_2037\" data-quantity=\"1\" class=\"button product_type_simple add_to_cart_button ajax_add_to_cart\" data-product_id=\"2037\" data-product_sku=\"\" aria-label=\"Add to cart: &ldquo;Pack of 12 boat and bottle trips with air&rdquo;\" rel=\"nofollow\" data-success_message=\"&ldquo;Pack of 12 boat and bottle trips with air&rdquo; has been added to your cart\">Add to cart<\/a>\t<span id=\"woocommerce_loop_add_to_cart_link_describedby_2037\" class=\"screen-reader-text\">\n\t\t\t<\/span>\n<\/li>\n<li class=\"product type-product post-2038 status-publish instock product_cat-diving-packs has-post-thumbnail virtual purchasable product-type-simple\">\n\t<a href=\"https:\/\/blaumar.cat\/en\/producto\/pack-6-boat-and-bottle-trips-with-nitrox\/\" class=\"woocommerce-LoopProduct-link woocommerce-loop-product__link\"><\/a><a href=\"?add-to-cart=2038\" aria-describedby=\"woocommerce_loop_add_to_cart_link_describedby_2038\" data-quantity=\"1\" class=\"button product_type_simple add_to_cart_button ajax_add_to_cart\" data-product_id=\"2038\" data-product_sku=\"\" aria-label=\"Add to cart: &ldquo;Pack 6 boat and bottle trips with Nitrox&rdquo;\" rel=\"nofollow\" data-success_message=\"&ldquo;Pack 6 boat and bottle trips with Nitrox&rdquo; has been added to your cart\">Add to cart<\/a>\t<span id=\"woocommerce_loop_add_to_cart_link_describedby_2038\" class=\"screen-reader-text\">\n\t\t\t<\/span>\n<\/li>\n<li class=\"product type-product post-2012 status-publish instock product_cat-specialty-courses has-post-thumbnail virtual purchasable product-type-simple\">\n\t<a href=\"https:\/\/blaumar.cat\/en\/producto\/oxygen-therapy-o2\/\" class=\"woocommerce-LoopProduct-link woocommerce-loop-product__link\"><\/a><a href=\"?add-to-cart=2012\" aria-describedby=\"woocommerce_loop_add_to_cart_link_describedby_2012\" data-quantity=\"1\" class=\"button product_type_simple add_to_cart_button ajax_add_to_cart\" data-product_id=\"2012\" data-product_sku=\"\" aria-label=\"Add to cart: &ldquo;Oxygen therapy O2&rdquo;\" rel=\"nofollow\" data-success_message=\"&ldquo;Oxygen therapy O2&rdquo; has been added to your cart\">Add to cart<\/a>\t<span id=\"woocommerce_loop_add_to_cart_link_describedby_2012\" class=\"screen-reader-text\">\n\t\t\t<\/span>\n<\/li>\n<li class=\"product type-product post-2288 status-publish last instock product_cat-specialty-courses has-post-thumbnail virtual purchasable product-type-simple\">\n\t<a href=\"https:\/\/blaumar.cat\/en\/producto\/nitrox-course\/\" class=\"woocommerce-LoopProduct-link woocommerce-loop-product__link\"><\/a><a href=\"?add-to-cart=2288\" aria-describedby=\"woocommerce_loop_add_to_cart_link_describedby_2288\" data-quantity=\"1\" class=\"button product_type_simple add_to_cart_button ajax_add_to_cart\" data-product_id=\"2288\" data-product_sku=\"\" aria-label=\"Add to cart: &ldquo;Nitrox course&rdquo;\" rel=\"nofollow\" data-success_message=\"&ldquo;Nitrox course&rdquo; has been added to your cart\">Add to cart<\/a>\t<span id=\"woocommerce_loop_add_to_cart_link_describedby_2288\" class=\"screen-reader-text\">\n\t\t\t<\/span>\n<\/li>\n<li class=\"product type-product post-2006 status-publish first instock product_cat-specialty-courses has-post-thumbnail virtual purchasable product-type-simple\">\n\t<a href=\"https:\/\/blaumar.cat\/en\/producto\/dry-dress-course\/\" class=\"woocommerce-LoopProduct-link woocommerce-loop-product__link\"><\/a><a href=\"?add-to-cart=2006\" aria-describedby=\"woocommerce_loop_add_to_cart_link_describedby_2006\" data-quantity=\"1\" class=\"button product_type_simple add_to_cart_button ajax_add_to_cart\" data-product_id=\"2006\" data-product_sku=\"\" aria-label=\"Add to cart: &ldquo;Dry dress course&rdquo;\" rel=\"nofollow\" data-success_message=\"&ldquo;Dry dress course&rdquo; has been added to your cart\">Add to cart<\/a>\t<span id=\"woocommerce_loop_add_to_cart_link_describedby_2006\" class=\"screen-reader-text\">\n\t\t\t<\/span>\n<\/li>\n<li class=\"product type-product post-2004 status-publish instock product_cat-rentals has-post-thumbnail virtual purchasable product-type-simple\">\n\t<a href=\"https:\/\/blaumar.cat\/en\/producto\/boat-rental-with-skipper-3h\/\" class=\"woocommerce-LoopProduct-link woocommerce-loop-product__link\"><\/a><a href=\"?add-to-cart=2004\" aria-describedby=\"woocommerce_loop_add_to_cart_link_describedby_2004\" data-quantity=\"1\" class=\"button product_type_simple add_to_cart_button ajax_add_to_cart\" data-product_id=\"2004\" data-product_sku=\"\" aria-label=\"Add to cart: &ldquo;Boat rental with skipper (3h)&rdquo;\" rel=\"nofollow\" data-success_message=\"&ldquo;Boat rental with skipper (3h)&rdquo; has been added to your cart\">Add to cart<\/a>\t<span id=\"woocommerce_loop_add_to_cart_link_describedby_2004\" class=\"screen-reader-text\">\n\t\t\t<\/span>\n<\/li>\n<li class=\"product type-product post-2008 status-publish instock product_cat-rentals has-post-thumbnail virtual purchasable product-type-simple\">\n\t<a href=\"https:\/\/blaumar.cat\/en\/producto\/boat-rental-with-skipper-2-5h\/\" class=\"woocommerce-LoopProduct-link woocommerce-loop-product__link\"><\/a><a href=\"?add-to-cart=2008\" aria-describedby=\"woocommerce_loop_add_to_cart_link_describedby_2008\" data-quantity=\"1\" class=\"button product_type_simple add_to_cart_button ajax_add_to_cart\" data-product_id=\"2008\" data-product_sku=\"\" aria-label=\"Add to cart: &ldquo;Boat rental with skipper (2.5h)&rdquo;\" rel=\"nofollow\" data-success_message=\"&ldquo;Boat rental with skipper (2.5h)&rdquo; has been added to your cart\">Add to cart<\/a>\t<span id=\"woocommerce_loop_add_to_cart_link_describedby_2008\" class=\"screen-reader-text\">\n\t\t\t<\/span>\n<\/li>\n<li class=\"product type-product post-2010 status-publish last instock product_cat-rentals has-post-thumbnail virtual purchasable product-type-simple\">\n\t<a href=\"https:\/\/blaumar.cat\/en\/producto\/boat-rental-with-skipper-1h\/\" class=\"woocommerce-LoopProduct-link woocommerce-loop-product__link\"><\/a><a href=\"?add-to-cart=2010\" aria-describedby=\"woocommerce_loop_add_to_cart_link_describedby_2010\" data-quantity=\"1\" class=\"button product_type_simple add_to_cart_button ajax_add_to_cart\" data-product_id=\"2010\" data-product_sku=\"\" aria-label=\"Add to cart: &ldquo;Boat rental with skipper (1h)&rdquo;\" rel=\"nofollow\" data-success_message=\"&ldquo;Boat rental with skipper (1h)&rdquo; has been added to your cart\">Add to cart<\/a>\t<span id=\"woocommerce_loop_add_to_cart_link_describedby_2010\" class=\"screen-reader-text\">\n\t\t\t<\/span>\n<\/li>\n<li class=\"product type-product post-2016 status-publish first instock product_cat-specialty-courses has-post-thumbnail virtual purchasable product-type-simple\">\n\t<a href=\"https:\/\/blaumar.cat\/en\/producto\/basic-life-support-cpr\/\" class=\"woocommerce-LoopProduct-link woocommerce-loop-product__link\"><\/a><a href=\"?add-to-cart=2016\" aria-describedby=\"woocommerce_loop_add_to_cart_link_describedby_2016\" data-quantity=\"1\" class=\"button product_type_simple add_to_cart_button ajax_add_to_cart\" data-product_id=\"2016\" data-product_sku=\"\" aria-label=\"Add to cart: &ldquo;Basic life support CPR&rdquo;\" rel=\"nofollow\" data-success_message=\"&ldquo;Basic life support CPR&rdquo; has been added to your cart\">Add to cart<\/a>\t<span id=\"woocommerce_loop_add_to_cart_link_describedby_2016\" class=\"screen-reader-text\">\n\t\t\t<\/span>\n<\/li>\n<li class=\"product type-product post-2014 status-publish instock product_cat-diving-courses has-post-thumbnail shipping-taxable purchasable product-type-simple\">\n\t<a href=\"https:\/\/blaumar.cat\/en\/producto\/b3e-diver\/\" class=\"woocommerce-LoopProduct-link woocommerce-loop-product__link\"><\/a><a href=\"?add-to-cart=2014\" aria-describedby=\"woocommerce_loop_add_to_cart_link_describedby_2014\" data-quantity=\"1\" class=\"button product_type_simple add_to_cart_button ajax_add_to_cart\" data-product_id=\"2014\" data-product_sku=\"\" aria-label=\"Add to cart: &ldquo;B3E Diver&rdquo;\" rel=\"nofollow\" data-success_message=\"&ldquo;B3E Diver&rdquo; has been added to your cart\">Add to cart<\/a>\t<span id=\"woocommerce_loop_add_to_cart_link_describedby_2014\" class=\"screen-reader-text\">\n\t\t\t<\/span>\n<\/li>\n<li class=\"product type-product post-2018 status-publish instock product_cat-diving-courses has-post-thumbnail virtual purchasable product-type-simple\">\n\t<a href=\"https:\/\/blaumar.cat\/en\/producto\/b2e-diver\/\" class=\"woocommerce-LoopProduct-link woocommerce-loop-product__link\"><\/a><a href=\"?add-to-cart=2018\" aria-describedby=\"woocommerce_loop_add_to_cart_link_describedby_2018\" data-quantity=\"1\" class=\"button product_type_simple add_to_cart_button ajax_add_to_cart\" data-product_id=\"2018\" data-product_sku=\"\" aria-label=\"Add to cart: &ldquo;B2E Diver&rdquo;\" rel=\"nofollow\" data-success_message=\"&ldquo;B2E Diver&rdquo; has been added to your cart\">Add to cart<\/a>\t<span id=\"woocommerce_loop_add_to_cart_link_describedby_2018\" class=\"screen-reader-text\">\n\t\t\t<\/span>\n<\/li>\n<li class=\"product type-product post-2024 status-publish last instock product_cat-diving-courses has-post-thumbnail virtual purchasable product-type-simple\">\n\t<a href=\"https:\/\/blaumar.cat\/en\/producto\/b1e-diver-initiation\/\" class=\"woocommerce-LoopProduct-link woocommerce-loop-product__link\"><\/a><a href=\"?add-to-cart=2024\" aria-describedby=\"woocommerce_loop_add_to_cart_link_describedby_2024\" data-quantity=\"1\" class=\"button product_type_simple add_to_cart_button ajax_add_to_cart\" data-product_id=\"2024\" data-product_sku=\"\" aria-label=\"Add to cart: &ldquo;B1E Diver Initiation&rdquo;\" rel=\"nofollow\" data-success_message=\"&ldquo;B1E Diver Initiation&rdquo; has been added to your cart\">Add to cart<\/a>\t<span id=\"woocommerce_loop_add_to_cart_link_describedby_2024\" class=\"screen-reader-text\">\n\t\t\t<\/span>\n<\/li>\n<li class=\"product type-product post-2025 status-publish first instock product_cat-diving-packs has-post-thumbnail shipping-taxable purchasable product-type-simple\">\n\t<a href=\"https:\/\/blaumar.cat\/en\/producto\/pack-5-trips-with-complete-equipment-with-nitrox\/\" class=\"woocommerce-LoopProduct-link woocommerce-loop-product__link\"><\/a><a href=\"?add-to-cart=2025\" aria-describedby=\"woocommerce_loop_add_to_cart_link_describedby_2025\" data-quantity=\"1\" class=\"button product_type_simple add_to_cart_button ajax_add_to_cart\" data-product_id=\"2025\" data-product_sku=\"\" aria-label=\"Add to cart: &ldquo;6 TRIPS + COMPLETE NITROX EQUIPMENT&rdquo;\" rel=\"nofollow\" data-success_message=\"&ldquo;6 TRIPS + COMPLETE NITROX EQUIPMENT&rdquo; has been added to your cart\">Add to cart<\/a>\t<span id=\"woocommerce_loop_add_to_cart_link_describedby_2025\" class=\"screen-reader-text\">\n\t\t\t<\/span>\n<\/li>\n<li class=\"product type-product post-2035 status-publish instock product_cat-diving-packs has-post-thumbnail virtual purchasable product-type-simple\">\n\t<a href=\"https:\/\/blaumar.cat\/en\/producto\/pack-5-trips-with-complete-equipment-with-air\/\" class=\"woocommerce-LoopProduct-link woocommerce-loop-product__link\"><\/a><a href=\"?add-to-cart=2035\" aria-describedby=\"woocommerce_loop_add_to_cart_link_describedby_2035\" data-quantity=\"1\" class=\"button product_type_simple add_to_cart_button ajax_add_to_cart\" data-product_id=\"2035\" data-product_sku=\"\" aria-label=\"Add to cart: &ldquo;6 TRIPS + COMPLETE AIR EQUIPMENT&rdquo;\" rel=\"nofollow\" data-success_message=\"&ldquo;6 TRIPS + COMPLETE AIR EQUIPMENT&rdquo; has been added to your cart\">Add to cart<\/a>\t<span id=\"woocommerce_loop_add_to_cart_link_describedby_2035\" class=\"screen-reader-text\">\n\t\t\t<\/span>\n<\/li>\n<\/ul>\n<\/div>\t\t<\/div>\n\t\t\t\t\t\t<\/div>\n\t\t\t\t<\/div>\n\t\t\t\t\t<\/div>\n\t\t<\/div>\n\t\t\t\t\t<\/div>\n\t\t<\/section>\n\t\t\t\t<\/div>\n\t\t","protected":false},"excerpt":{"rendered":"<p>Packs A\u00f1adir al carrito A\u00f1adir al carrito A\u00f1adir al carrito A\u00f1adir al carrito A\u00f1adir al carrito A\u00f1adir al carrito A\u00f1adir al carrito A\u00f1adir al carrito A\u00f1adir al carrito A\u00f1adir al carrito A\u00f1adir al carrito A\u00f1adir al carrito A\u00f1adir al carrito A\u00f1adir al carrito A\u00f1adir al carrito A\u00f1adir al carrito A\u00f1adir al carrito<\/p>\n","protected":false},"author":1,"featured_media":0,"parent":0,"menu_order":0,"comment_status":"closed","ping_status":"closed","template":"elementor_header_footer","meta":{"footnotes":""},"class_list":["post-1990","page","type-page","status-publish","hentry"],"_links":{"self":[{"href":"https:\/\/blaumar.cat\/en\/wp-json\/wp\/v2\/pages\/1990","targetHints":{"allow":["GET"]}}],"collection":[{"href":"https:\/\/blaumar.cat\/en\/wp-json\/wp\/v2\/pages"}],"about":[{"href":"https:\/\/blaumar.cat\/en\/wp-json\/wp\/v2\/types\/page"}],"author":[{"embeddable":true,"href":"https:\/\/blaumar.cat\/en\/wp-json\/wp\/v2\/users\/1"}],"replies":[{"embeddable":true,"href":"https:\/\/blaumar.cat\/en\/wp-json\/wp\/v2\/comments?post=1990"}],"version-history":[{"count":1,"href":"https:\/\/blaumar.cat\/en\/wp-json\/wp\/v2\/pages\/1990\/revisions"}],"predecessor-version":[{"id":1991,"href":"https:\/\/blaumar.cat\/en\/wp-json\/wp\/v2\/pages\/1990\/revisions\/1991"}],"wp:attachment":[{"href":"https:\/\/blaumar.cat\/en\/wp-json\/wp\/v2\/media?parent=1990"}],"curies":[{"name":"wp","href":"https:\/\/api.w.org\/{rel}","templated":true}]}}